{"id":5648,"date":"2026-03-04T10:44:33","date_gmt":"2026-03-04T10:44:33","guid":{"rendered":"https:\/\/felisya.store\/?post_type=product&#038;p=5648"},"modified":"2026-03-04T10:44:33","modified_gmt":"2026-03-04T10:44:33","slug":"incili-fiyonklu-seffaf-topuklu-ayakkabi","status":"publish","type":"product","link":"https:\/\/felisya.store\/index.php\/urun\/incili-fiyonklu-seffaf-topuklu-ayakkabi\/","title":{"rendered":"\u0130ncili Fiyonklu \u015eeffaf Topuklu Ayakkab\u0131"},"content":{"rendered":"","protected":false},"excerpt":{"rendered":"","protected":false},"featured_media":5649,"comment_status":"open","ping_status":"closed","template":"","meta":{"_kad_post_transparent":"default","_kad_post_title":"","_kad_post_layout":"default","_kad_post_sidebar_id":"","_kad_post_content_style":"default","_kad_post_vertical_padding":"default","_kad_post_feature":"","_kad_post_feature_position":"","_kad_post_header":false,"_kad_post_footer":false},"product_brand":[],"product_cat":[123,124,71,15],"product_tag":[],"class_list":{"0":"post-5648","1":"product","2":"type-product","3":"status-publish","4":"has-post-thumbnail","6":"product_cat-koleksiyonlar","7":"product_cat-nikah-koleksiyonu","8":"product_cat-ayakkabi","9":"product_cat-tum-urunler","11":"first","12":"instock","13":"shipping-taxable","14":"purchasable","15":"product-type-variable","16":"has-default-attributes","17":"entry","18":"content-bg","19":"loop-entry"},"jetpack_sharing_enabled":true,"_links":{"self":[{"href":"https:\/\/felisya.store\/index.php\/wp-json\/wp\/v2\/product\/5648","targetHints":{"allow":["GET"]}}],"collection":[{"href":"https:\/\/felisya.store\/index.php\/wp-json\/wp\/v2\/product"}],"about":[{"href":"https:\/\/felisya.store\/index.php\/wp-json\/wp\/v2\/types\/product"}],"replies":[{"embeddable":true,"href":"https:\/\/felisya.store\/index.php\/wp-json\/wp\/v2\/comments?post=5648"}],"wp:featuredmedia":[{"embeddable":true,"href":"https:\/\/felisya.store\/index.php\/wp-json\/wp\/v2\/media\/5649"}],"wp:attachment":[{"href":"https:\/\/felisya.store\/index.php\/wp-json\/wp\/v2\/media?parent=5648"}],"wp:term":[{"taxonomy":"product_brand","embeddable":true,"href":"https:\/\/felisya.store\/index.php\/wp-json\/wp\/v2\/product_brand?post=5648"},{"taxonomy":"product_cat","embeddable":true,"href":"https:\/\/felisya.store\/index.php\/wp-json\/wp\/v2\/product_cat?post=5648"},{"taxonomy":"product_tag","embeddable":true,"href":"https:\/\/felisya.store\/index.php\/wp-json\/wp\/v2\/product_tag?post=5648"}],"curies":[{"name":"wp","href":"https:\/\/api.w.org\/{rel}","templated":true}]}}