{"id":5009,"date":"2026-01-31T16:04:06","date_gmt":"2026-01-31T16:04:06","guid":{"rendered":"https:\/\/felisya.store\/?post_type=product&#038;p=5009"},"modified":"2026-04-16T13:21:59","modified_gmt":"2026-04-16T13:21:59","slug":"linda-midi-abiye","status":"publish","type":"product","link":"https:\/\/felisya.store\/index.php\/urun\/linda-midi-abiye\/","title":{"rendered":"Linda Midi Abiye"},"content":{"rendered":"<p>Straplez Klo\u015f Etekli Midi Abiye<\/p>\n<ul>\n<li>manken 165cm, 55kg, \u00e7ekimde 36 beden kullan\u0131lm\u0131\u015ft\u0131r.<\/li>\n<li>kal\u0131n saten kuma\u015f<\/li>\n<li>fermuarl\u0131 s\u0131rt<\/li>\n<li>g\u00f6\u011f\u00fcs gloplu<\/li>\n<li>tak\u0131labilir saten kuma\u015f ip ask\u0131 ile birlikte gelir<\/li>\n<\/ul>\n<p><img decoding=\"async\" class=\"alignnone size-medium wp-image-5060\" src=\"https:\/\/felisya.store\/wp-content\/uploads\/2026\/01\/65cm-2-300x147.png\" alt=\"\" width=\"300\" height=\"147\" srcset=\"https:\/\/felisya.store\/wp-content\/uploads\/2026\/01\/65cm-2-300x147.png 300w, https:\/\/felisya.store\/wp-content\/uploads\/2026\/01\/65cm-2-24x12.png 24w, https:\/\/felisya.store\/wp-content\/uploads\/2026\/01\/65cm-2-36x18.png 36w, https:\/\/felisya.store\/wp-content\/uploads\/2026\/01\/65cm-2-48x24.png 48w, https:\/\/felisya.store\/wp-content\/uploads\/2026\/01\/65cm-2.png 727w\" sizes=\"(max-width: 300px) 100vw, 300px\" \/><\/p>\n","protected":false},"excerpt":{"rendered":"<p>Straplez Klo\u015f Etekli Midi Abiye manken 165cm, 55kg, \u00e7ekimde 36 beden kullan\u0131lm\u0131\u015ft\u0131r. kal\u0131n saten kuma\u015f fermuarl\u0131 s\u0131rt g\u00f6\u011f\u00fcs gloplu tak\u0131labilir saten kuma\u015f ip ask\u0131 ile birlikte gelir<\/p>\n","protected":false},"featured_media":5022,"comment_status":"open","ping_status":"closed","template":"","meta":{"_kad_post_transparent":"default","_kad_post_title":"","_kad_post_layout":"default","_kad_post_sidebar_id":"","_kad_post_content_style":"default","_kad_post_vertical_padding":"default","_kad_post_feature":"","_kad_post_feature_position":"","_kad_post_header":false,"_kad_post_footer":false},"product_brand":[],"product_cat":[125,124,64,81,15],"product_tag":[],"class_list":{"0":"post-5009","1":"product","2":"type-product","3":"status-publish","4":"has-post-thumbnail","6":"product_cat-mezuniyet-koleksiyonu","7":"product_cat-nikah-koleksiyonu","8":"product_cat-abiye","9":"product_cat-midi-abiye","10":"product_cat-tum-urunler","11":"pa_beden-107","12":"pa_beden-108","13":"pa_beden-109","14":"pa_beden-110","15":"pa_beden-111","16":"pa_beden-112","17":"pa_beden-113","19":"first","20":"instock","21":"shipping-taxable","22":"purchasable","23":"product-type-variable","24":"has-default-attributes","25":"entry","26":"content-bg","27":"loop-entry"},"jetpack_sharing_enabled":true,"_links":{"self":[{"href":"https:\/\/felisya.store\/index.php\/wp-json\/wp\/v2\/product\/5009","targetHints":{"allow":["GET"]}}],"collection":[{"href":"https:\/\/felisya.store\/index.php\/wp-json\/wp\/v2\/product"}],"about":[{"href":"https:\/\/felisya.store\/index.php\/wp-json\/wp\/v2\/types\/product"}],"replies":[{"embeddable":true,"href":"https:\/\/felisya.store\/index.php\/wp-json\/wp\/v2\/comments?post=5009"}],"wp:featuredmedia":[{"embeddable":true,"href":"https:\/\/felisya.store\/index.php\/wp-json\/wp\/v2\/media\/5022"}],"wp:attachment":[{"href":"https:\/\/felisya.store\/index.php\/wp-json\/wp\/v2\/media?parent=5009"}],"wp:term":[{"taxonomy":"product_brand","embeddable":true,"href":"https:\/\/felisya.store\/index.php\/wp-json\/wp\/v2\/product_brand?post=5009"},{"taxonomy":"product_cat","embeddable":true,"href":"https:\/\/felisya.store\/index.php\/wp-json\/wp\/v2\/product_cat?post=5009"},{"taxonomy":"product_tag","embeddable":true,"href":"https:\/\/felisya.store\/index.php\/wp-json\/wp\/v2\/product_tag?post=5009"}],"curies":[{"name":"wp","href":"https:\/\/api.w.org\/{rel}","templated":true}]}}