{"id":4834,"date":"2026-01-30T14:20:33","date_gmt":"2026-01-30T14:20:33","guid":{"rendered":"https:\/\/felisya.store\/?post_type=product&#038;p=4834"},"modified":"2026-04-09T13:49:42","modified_gmt":"2026-04-09T13:49:42","slug":"stella-midi-abiye","status":"publish","type":"product","link":"https:\/\/felisya.store\/index.php\/urun\/stella-midi-abiye\/","title":{"rendered":"Stella Midi Abiye"},"content":{"rendered":"<p>Degaje Yaka Saten Abiye<\/p>\n<ul>\n<li>manken 165cm, 55kg, \u00e7ekimde 40 beden kullan\u0131lm\u0131\u015ft\u0131r.<\/li>\n<li>bir ya da iki beden b\u00fcy\u00fck al\u0131nmas\u0131 \u00f6nerilmektedir, kuma\u015f esnek de\u011fildir.<\/li>\n<li>i\u00e7i mini etekli<\/li>\n<li>degaje yaka<\/li>\n<li>\u00e7apraz s\u0131rt detay\u0131<\/li>\n<li>g\u00f6\u011f\u00fcs gloplu<\/li>\n<\/ul>\n<p><img fetchpriority=\"high\" decoding=\"async\" class=\"alignnone size-medium wp-image-5039\" src=\"https:\/\/felisya.store\/wp-content\/uploads\/2026\/01\/24-300x300.png\" alt=\"\" width=\"300\" height=\"300\" srcset=\"https:\/\/felisya.store\/wp-content\/uploads\/2026\/01\/24-300x300.png 300w, https:\/\/felisya.store\/wp-content\/uploads\/2026\/01\/24-800x800.png 800w, https:\/\/felisya.store\/wp-content\/uploads\/2026\/01\/24-100x100.png 100w, https:\/\/felisya.store\/wp-content\/uploads\/2026\/01\/24-150x150.png 150w, https:\/\/felisya.store\/wp-content\/uploads\/2026\/01\/24-768x768.png 768w, https:\/\/felisya.store\/wp-content\/uploads\/2026\/01\/24-24x24.png 24w, https:\/\/felisya.store\/wp-content\/uploads\/2026\/01\/24-36x36.png 36w, https:\/\/felisya.store\/wp-content\/uploads\/2026\/01\/24-48x48.png 48w, https:\/\/felisya.store\/wp-content\/uploads\/2026\/01\/24-50x50.png 50w, https:\/\/felisya.store\/wp-content\/uploads\/2026\/01\/24.png 832w\" sizes=\"(max-width: 300px) 100vw, 300px\" \/> <img decoding=\"async\" class=\"alignnone size-medium wp-image-5040\" src=\"https:\/\/felisya.store\/wp-content\/uploads\/2026\/01\/25-300x300.png\" alt=\"\" width=\"300\" height=\"300\" srcset=\"https:\/\/felisya.store\/wp-content\/uploads\/2026\/01\/25-300x300.png 300w, https:\/\/felisya.store\/wp-content\/uploads\/2026\/01\/25-800x800.png 800w, https:\/\/felisya.store\/wp-content\/uploads\/2026\/01\/25-100x100.png 100w, https:\/\/felisya.store\/wp-content\/uploads\/2026\/01\/25-150x150.png 150w, https:\/\/felisya.store\/wp-content\/uploads\/2026\/01\/25-768x768.png 768w, https:\/\/felisya.store\/wp-content\/uploads\/2026\/01\/25-24x24.png 24w, https:\/\/felisya.store\/wp-content\/uploads\/2026\/01\/25-36x36.png 36w, https:\/\/felisya.store\/wp-content\/uploads\/2026\/01\/25-48x48.png 48w, https:\/\/felisya.store\/wp-content\/uploads\/2026\/01\/25-50x50.png 50w, https:\/\/felisya.store\/wp-content\/uploads\/2026\/01\/25.png 832w\" sizes=\"(max-width: 300px) 100vw, 300px\" \/> <img decoding=\"async\" class=\"alignnone size-medium wp-image-5041\" src=\"https:\/\/felisya.store\/wp-content\/uploads\/2026\/01\/26-300x300.png\" alt=\"\" width=\"300\" height=\"300\" srcset=\"https:\/\/felisya.store\/wp-content\/uploads\/2026\/01\/26-300x300.png 300w, https:\/\/felisya.store\/wp-content\/uploads\/2026\/01\/26-800x800.png 800w, https:\/\/felisya.store\/wp-content\/uploads\/2026\/01\/26-100x100.png 100w, https:\/\/felisya.store\/wp-content\/uploads\/2026\/01\/26-150x150.png 150w, https:\/\/felisya.store\/wp-content\/uploads\/2026\/01\/26-768x768.png 768w, https:\/\/felisya.store\/wp-content\/uploads\/2026\/01\/26-24x24.png 24w, https:\/\/felisya.store\/wp-content\/uploads\/2026\/01\/26-36x36.png 36w, https:\/\/felisya.store\/wp-content\/uploads\/2026\/01\/26-48x48.png 48w, https:\/\/felisya.store\/wp-content\/uploads\/2026\/01\/26-50x50.png 50w, https:\/\/felisya.store\/wp-content\/uploads\/2026\/01\/26.png 832w\" sizes=\"(max-width: 300px) 100vw, 300px\" \/> <img loading=\"lazy\" decoding=\"async\" class=\"alignnone size-medium wp-image-5042\" src=\"https:\/\/felisya.store\/wp-content\/uploads\/2026\/01\/27-300x300.png\" alt=\"\" width=\"300\" height=\"300\" srcset=\"https:\/\/felisya.store\/wp-content\/uploads\/2026\/01\/27-300x300.png 300w, https:\/\/felisya.store\/wp-content\/uploads\/2026\/01\/27-800x800.png 800w, https:\/\/felisya.store\/wp-content\/uploads\/2026\/01\/27-100x100.png 100w, https:\/\/felisya.store\/wp-content\/uploads\/2026\/01\/27-150x150.png 150w, https:\/\/felisya.store\/wp-content\/uploads\/2026\/01\/27-768x768.png 768w, https:\/\/felisya.store\/wp-content\/uploads\/2026\/01\/27-24x24.png 24w, https:\/\/felisya.store\/wp-content\/uploads\/2026\/01\/27-36x36.png 36w, https:\/\/felisya.store\/wp-content\/uploads\/2026\/01\/27-48x48.png 48w, https:\/\/felisya.store\/wp-content\/uploads\/2026\/01\/27-50x50.png 50w, https:\/\/felisya.store\/wp-content\/uploads\/2026\/01\/27.png 832w\" sizes=\"(max-width: 300px) 100vw, 300px\" \/><\/p>\n","protected":false},"excerpt":{"rendered":"<p>Degaje Yaka Saten Abiye manken 165cm, 55kg, \u00e7ekimde 40 beden kullan\u0131lm\u0131\u015ft\u0131r. bir ya da iki beden b\u00fcy\u00fck al\u0131nmas\u0131 \u00f6nerilmektedir, kuma\u015f esnek de\u011fildir. i\u00e7i mini etekli degaje yaka \u00e7apraz s\u0131rt detay\u0131 g\u00f6\u011f\u00fcs gloplu<\/p>\n","protected":false},"featured_media":4851,"comment_status":"open","ping_status":"closed","template":"","meta":{"_kad_post_transparent":"default","_kad_post_title":"","_kad_post_layout":"default","_kad_post_sidebar_id":"","_kad_post_content_style":"default","_kad_post_vertical_padding":"default","_kad_post_feature":"","_kad_post_feature_position":"","_kad_post_header":false,"_kad_post_footer":false},"product_brand":[],"product_cat":[123,125,64,76,81,15],"product_tag":[],"class_list":{"0":"post-4834","1":"product","2":"type-product","3":"status-publish","4":"has-post-thumbnail","6":"product_cat-koleksiyonlar","7":"product_cat-mezuniyet-koleksiyonu","8":"product_cat-abiye","9":"product_cat-kisa-abiye","10":"product_cat-midi-abiye","11":"product_cat-tum-urunler","12":"pa_beden-107","13":"pa_beden-108","14":"pa_beden-109","15":"pa_beden-110","17":"first","18":"instock","19":"shipping-taxable","20":"purchasable","21":"product-type-variable","22":"has-default-attributes","23":"entry","24":"content-bg","25":"loop-entry"},"jetpack_sharing_enabled":true,"_links":{"self":[{"href":"https:\/\/felisya.store\/index.php\/wp-json\/wp\/v2\/product\/4834","targetHints":{"allow":["GET"]}}],"collection":[{"href":"https:\/\/felisya.store\/index.php\/wp-json\/wp\/v2\/product"}],"about":[{"href":"https:\/\/felisya.store\/index.php\/wp-json\/wp\/v2\/types\/product"}],"replies":[{"embeddable":true,"href":"https:\/\/felisya.store\/index.php\/wp-json\/wp\/v2\/comments?post=4834"}],"wp:featuredmedia":[{"embeddable":true,"href":"https:\/\/felisya.store\/index.php\/wp-json\/wp\/v2\/media\/4851"}],"wp:attachment":[{"href":"https:\/\/felisya.store\/index.php\/wp-json\/wp\/v2\/media?parent=4834"}],"wp:term":[{"taxonomy":"product_brand","embeddable":true,"href":"https:\/\/felisya.store\/index.php\/wp-json\/wp\/v2\/product_brand?post=4834"},{"taxonomy":"product_cat","embeddable":true,"href":"https:\/\/felisya.store\/index.php\/wp-json\/wp\/v2\/product_cat?post=4834"},{"taxonomy":"product_tag","embeddable":true,"href":"https:\/\/felisya.store\/index.php\/wp-json\/wp\/v2\/product_tag?post=4834"}],"curies":[{"name":"wp","href":"https:\/\/api.w.org\/{rel}","templated":true}]}}