{"id":4804,"date":"2026-01-29T12:31:45","date_gmt":"2026-01-29T12:31:45","guid":{"rendered":"https:\/\/felisya.store\/?post_type=product&#038;p=4804"},"modified":"2026-04-19T14:00:40","modified_gmt":"2026-04-19T14:00:40","slug":"shayla-kisa-abiye","status":"publish","type":"product","link":"https:\/\/felisya.store\/index.php\/urun\/shayla-kisa-abiye\/","title":{"rendered":"Shayla K\u0131sa Abiye"},"content":{"rendered":"<p>Parlak Kuma\u015f K\u0131sa Abiye<\/p>\n<ul>\n<li>manken 165cm, 55kg, \u00e7ekimde 38 beden kullan\u0131lm\u0131\u015ft\u0131r<\/li>\n<li>kal\u0131n organze parlak kuma\u015f<\/li>\n<li>fermuarl\u0131 s\u0131rt detay\u0131<\/li>\n<li>g\u00f6\u011f\u00fcs gloplu<\/li>\n<\/ul>\n<p><img decoding=\"async\" class=\"alignnone size-medium wp-image-5061\" src=\"https:\/\/felisya.store\/wp-content\/uploads\/2026\/01\/65cm-2-1-300x129.png\" alt=\"\" width=\"300\" height=\"129\" srcset=\"https:\/\/felisya.store\/wp-content\/uploads\/2026\/01\/65cm-2-1-300x129.png 300w, https:\/\/felisya.store\/wp-content\/uploads\/2026\/01\/65cm-2-1-24x10.png 24w, https:\/\/felisya.store\/wp-content\/uploads\/2026\/01\/65cm-2-1-36x15.png 36w, https:\/\/felisya.store\/wp-content\/uploads\/2026\/01\/65cm-2-1-48x21.png 48w, https:\/\/felisya.store\/wp-content\/uploads\/2026\/01\/65cm-2-1.png 740w\" sizes=\"(max-width: 300px) 100vw, 300px\" \/><\/p>\n","protected":false},"excerpt":{"rendered":"<p>Parlak Kuma\u015f K\u0131sa Abiye manken 165cm, 55kg, \u00e7ekimde 38 beden kullan\u0131lm\u0131\u015ft\u0131r kal\u0131n organze parlak kuma\u015f fermuarl\u0131 s\u0131rt detay\u0131 g\u00f6\u011f\u00fcs gloplu<\/p>\n","protected":false},"featured_media":4809,"comment_status":"open","ping_status":"closed","template":"","meta":{"_kad_post_transparent":"default","_kad_post_title":"","_kad_post_layout":"default","_kad_post_sidebar_id":"","_kad_post_content_style":"default","_kad_post_vertical_padding":"default","_kad_post_feature":"","_kad_post_feature_position":"","_kad_post_header":false,"_kad_post_footer":false},"product_brand":[],"product_cat":[123,125,64,76,15],"product_tag":[],"class_list":{"0":"post-4804","1":"product","2":"type-product","3":"status-publish","4":"has-post-thumbnail","6":"product_cat-koleksiyonlar","7":"product_cat-mezuniyet-koleksiyonu","8":"product_cat-abiye","9":"product_cat-kisa-abiye","10":"product_cat-tum-urunler","11":"pa_beden-108","12":"pa_beden-109","14":"first","15":"instock","16":"shipping-taxable","17":"purchasable","18":"product-type-variable","19":"has-default-attributes","20":"entry","21":"content-bg","22":"loop-entry"},"jetpack_sharing_enabled":true,"_links":{"self":[{"href":"https:\/\/felisya.store\/index.php\/wp-json\/wp\/v2\/product\/4804","targetHints":{"allow":["GET"]}}],"collection":[{"href":"https:\/\/felisya.store\/index.php\/wp-json\/wp\/v2\/product"}],"about":[{"href":"https:\/\/felisya.store\/index.php\/wp-json\/wp\/v2\/types\/product"}],"replies":[{"embeddable":true,"href":"https:\/\/felisya.store\/index.php\/wp-json\/wp\/v2\/comments?post=4804"}],"wp:featuredmedia":[{"embeddable":true,"href":"https:\/\/felisya.store\/index.php\/wp-json\/wp\/v2\/media\/4809"}],"wp:attachment":[{"href":"https:\/\/felisya.store\/index.php\/wp-json\/wp\/v2\/media?parent=4804"}],"wp:term":[{"taxonomy":"product_brand","embeddable":true,"href":"https:\/\/felisya.store\/index.php\/wp-json\/wp\/v2\/product_brand?post=4804"},{"taxonomy":"product_cat","embeddable":true,"href":"https:\/\/felisya.store\/index.php\/wp-json\/wp\/v2\/product_cat?post=4804"},{"taxonomy":"product_tag","embeddable":true,"href":"https:\/\/felisya.store\/index.php\/wp-json\/wp\/v2\/product_tag?post=4804"}],"curies":[{"name":"wp","href":"https:\/\/api.w.org\/{rel}","templated":true}]}}