{"id":3961,"date":"2025-11-27T13:27:56","date_gmt":"2025-11-27T13:27:56","guid":{"rendered":"https:\/\/felisya.store\/?post_type=product&#038;p=3961"},"modified":"2026-01-31T13:08:34","modified_gmt":"2026-01-31T13:08:34","slug":"satelia-satensifon-elbise","status":"publish","type":"product","link":"https:\/\/felisya.store\/index.php\/urun\/satelia-satensifon-elbise\/","title":{"rendered":"Satelia Saten&#038;\u015eifon Elbise"},"content":{"rendered":"<p>3 Renkli Saten&amp;\u015eifon Elbise<\/p>\n<ul>\n<li>manken 162cm, 62kg, \u00e7ekimde 40 beden kullan\u0131lm\u0131\u015ft\u0131r<\/li>\n<li>fermuar s\u0131rt<\/li>\n<\/ul>\n","protected":false},"excerpt":{"rendered":"<p>3 Renkli Saten&amp;\u015eifon Elbise manken 162cm, 62kg, \u00e7ekimde 40 beden kullan\u0131lm\u0131\u015ft\u0131r fermuar s\u0131rt<\/p>\n","protected":false},"featured_media":3967,"comment_status":"open","ping_status":"closed","template":"","meta":{"_kad_post_transparent":"default","_kad_post_title":"","_kad_post_layout":"default","_kad_post_sidebar_id":"","_kad_post_content_style":"default","_kad_post_vertical_padding":"default","_kad_post_feature":"","_kad_post_feature_position":"","_kad_post_header":false,"_kad_post_footer":false},"product_brand":[],"product_cat":[64,77,68,15],"product_tag":[],"class_list":{"0":"post-3961","1":"product","2":"type-product","3":"status-publish","4":"has-post-thumbnail","6":"product_cat-abiye","7":"product_cat-uzun-abiye","8":"product_cat-elbise","9":"product_cat-tum-urunler","10":"pa_beden-107","11":"pa_beden-108","12":"pa_beden-109","13":"pa_beden-110","15":"first","16":"instock","17":"shipping-taxable","18":"purchasable","19":"product-type-variable","20":"has-default-attributes","21":"entry","22":"content-bg","23":"loop-entry"},"jetpack_sharing_enabled":true,"_links":{"self":[{"href":"https:\/\/felisya.store\/index.php\/wp-json\/wp\/v2\/product\/3961","targetHints":{"allow":["GET"]}}],"collection":[{"href":"https:\/\/felisya.store\/index.php\/wp-json\/wp\/v2\/product"}],"about":[{"href":"https:\/\/felisya.store\/index.php\/wp-json\/wp\/v2\/types\/product"}],"replies":[{"embeddable":true,"href":"https:\/\/felisya.store\/index.php\/wp-json\/wp\/v2\/comments?post=3961"}],"wp:featuredmedia":[{"embeddable":true,"href":"https:\/\/felisya.store\/index.php\/wp-json\/wp\/v2\/media\/3967"}],"wp:attachment":[{"href":"https:\/\/felisya.store\/index.php\/wp-json\/wp\/v2\/media?parent=3961"}],"wp:term":[{"taxonomy":"product_brand","embeddable":true,"href":"https:\/\/felisya.store\/index.php\/wp-json\/wp\/v2\/product_brand?post=3961"},{"taxonomy":"product_cat","embeddable":true,"href":"https:\/\/felisya.store\/index.php\/wp-json\/wp\/v2\/product_cat?post=3961"},{"taxonomy":"product_tag","embeddable":true,"href":"https:\/\/felisya.store\/index.php\/wp-json\/wp\/v2\/product_tag?post=3961"}],"curies":[{"name":"wp","href":"https:\/\/api.w.org\/{rel}","templated":true}]}}