{"id":3937,"date":"2025-11-27T12:14:53","date_gmt":"2025-11-27T12:14:53","guid":{"rendered":"https:\/\/felisya.store\/?post_type=product&#038;p=3937"},"modified":"2026-01-31T13:04:19","modified_gmt":"2026-01-31T13:04:19","slug":"violetta-uzun-abiye","status":"publish","type":"product","link":"https:\/\/felisya.store\/index.php\/urun\/violetta-uzun-abiye\/","title":{"rendered":"Violetta Uzun Abiye"},"content":{"rendered":"<p>\u015eifon Pelerinli Saten Abiye<\/p>\n<ul>\n<li>manken 162cm, 62kg, \u00e7ekimde 36 beden kullan\u0131lm\u0131\u015ft\u0131r<\/li>\n<li>arkadan fermuarl\u0131<\/li>\n<li>bro\u015f hediyesi ile birlikte gelir<\/li>\n<\/ul>\n","protected":false},"excerpt":{"rendered":"<p>\u015eifon Pelerinli Saten Abiye manken 162cm, 62kg, \u00e7ekimde 36 beden kullan\u0131lm\u0131\u015ft\u0131r arkadan fermuarl\u0131 bro\u015f hediyesi ile birlikte gelir<\/p>\n","protected":false},"featured_media":3942,"comment_status":"open","ping_status":"closed","template":"","meta":{"_kad_post_transparent":"default","_kad_post_title":"","_kad_post_layout":"default","_kad_post_sidebar_id":"","_kad_post_content_style":"default","_kad_post_vertical_padding":"default","_kad_post_feature":"","_kad_post_feature_position":"","_kad_post_header":false,"_kad_post_footer":false},"product_brand":[],"product_cat":[64,77,15],"product_tag":[],"class_list":{"0":"post-3937","1":"product","2":"type-product","3":"status-publish","4":"has-post-thumbnail","6":"product_cat-abiye","7":"product_cat-uzun-abiye","8":"product_cat-tum-urunler","9":"pa_beden-107","10":"pa_beden-108","11":"pa_beden-109","12":"pa_beden-110","14":"first","15":"instock","16":"shipping-taxable","17":"purchasable","18":"product-type-variable","19":"has-default-attributes","20":"entry","21":"content-bg","22":"loop-entry"},"jetpack_sharing_enabled":true,"_links":{"self":[{"href":"https:\/\/felisya.store\/index.php\/wp-json\/wp\/v2\/product\/3937","targetHints":{"allow":["GET"]}}],"collection":[{"href":"https:\/\/felisya.store\/index.php\/wp-json\/wp\/v2\/product"}],"about":[{"href":"https:\/\/felisya.store\/index.php\/wp-json\/wp\/v2\/types\/product"}],"replies":[{"embeddable":true,"href":"https:\/\/felisya.store\/index.php\/wp-json\/wp\/v2\/comments?post=3937"}],"wp:featuredmedia":[{"embeddable":true,"href":"https:\/\/felisya.store\/index.php\/wp-json\/wp\/v2\/media\/3942"}],"wp:attachment":[{"href":"https:\/\/felisya.store\/index.php\/wp-json\/wp\/v2\/media?parent=3937"}],"wp:term":[{"taxonomy":"product_brand","embeddable":true,"href":"https:\/\/felisya.store\/index.php\/wp-json\/wp\/v2\/product_brand?post=3937"},{"taxonomy":"product_cat","embeddable":true,"href":"https:\/\/felisya.store\/index.php\/wp-json\/wp\/v2\/product_cat?post=3937"},{"taxonomy":"product_tag","embeddable":true,"href":"https:\/\/felisya.store\/index.php\/wp-json\/wp\/v2\/product_tag?post=3937"}],"curies":[{"name":"wp","href":"https:\/\/api.w.org\/{rel}","templated":true}]}}