{"id":3893,"date":"2025-11-27T11:26:35","date_gmt":"2025-11-27T11:26:35","guid":{"rendered":"https:\/\/felisya.store\/?post_type=product&#038;p=3893"},"modified":"2025-12-20T10:18:16","modified_gmt":"2025-12-20T10:18:16","slug":"valora-uzun-abiye","status":"publish","type":"product","link":"https:\/\/felisya.store\/index.php\/urun\/valora-uzun-abiye\/","title":{"rendered":"Valora Uzun Abiye"},"content":{"rendered":"<p>D\u00fc\u015f\u00fck Omuzlu Korseli Abiye<\/p>\n<ul>\n<li>manken 162cm, 62kg, \u00e7ekimde 40 beden kullan\u0131lm\u0131\u015ft\u0131r<\/li>\n<li>kal\u0131n krep kuma\u015f<\/li>\n<li>\u00e7apraz ba\u011flamal\u0131 s\u0131rt<\/li>\n<li>g\u00f6\u011f\u00fcs gloplu<\/li>\n<\/ul>\n","protected":false},"excerpt":{"rendered":"<p>D\u00fc\u015f\u00fck Omuzlu Korseli Abiye manken 162cm, 62kg, \u00e7ekimde 40 beden kullan\u0131lm\u0131\u015ft\u0131r kal\u0131n krep kuma\u015f \u00e7apraz ba\u011flamal\u0131 s\u0131rt g\u00f6\u011f\u00fcs gloplu<\/p>\n","protected":false},"featured_media":3896,"comment_status":"open","ping_status":"closed","template":"","meta":{"_kad_post_transparent":"default","_kad_post_title":"","_kad_post_layout":"default","_kad_post_sidebar_id":"","_kad_post_content_style":"default","_kad_post_vertical_padding":"default","_kad_post_feature":"","_kad_post_feature_position":"","_kad_post_header":false,"_kad_post_footer":false},"product_brand":[],"product_cat":[123,124,64,77,70,15],"product_tag":[],"class_list":{"0":"post-3893","1":"product","2":"type-product","3":"status-publish","4":"has-post-thumbnail","6":"product_cat-koleksiyonlar","7":"product_cat-nikah-koleksiyonu","8":"product_cat-abiye","9":"product_cat-uzun-abiye","10":"product_cat-buyuk-beden","11":"product_cat-tum-urunler","12":"pa_beden-109","13":"pa_beden-111","15":"first","16":"instock","17":"shipping-taxable","18":"purchasable","19":"product-type-variable","20":"has-default-attributes","21":"entry","22":"content-bg","23":"loop-entry"},"jetpack_sharing_enabled":true,"_links":{"self":[{"href":"https:\/\/felisya.store\/index.php\/wp-json\/wp\/v2\/product\/3893","targetHints":{"allow":["GET"]}}],"collection":[{"href":"https:\/\/felisya.store\/index.php\/wp-json\/wp\/v2\/product"}],"about":[{"href":"https:\/\/felisya.store\/index.php\/wp-json\/wp\/v2\/types\/product"}],"replies":[{"embeddable":true,"href":"https:\/\/felisya.store\/index.php\/wp-json\/wp\/v2\/comments?post=3893"}],"wp:featuredmedia":[{"embeddable":true,"href":"https:\/\/felisya.store\/index.php\/wp-json\/wp\/v2\/media\/3896"}],"wp:attachment":[{"href":"https:\/\/felisya.store\/index.php\/wp-json\/wp\/v2\/media?parent=3893"}],"wp:term":[{"taxonomy":"product_brand","embeddable":true,"href":"https:\/\/felisya.store\/index.php\/wp-json\/wp\/v2\/product_brand?post=3893"},{"taxonomy":"product_cat","embeddable":true,"href":"https:\/\/felisya.store\/index.php\/wp-json\/wp\/v2\/product_cat?post=3893"},{"taxonomy":"product_tag","embeddable":true,"href":"https:\/\/felisya.store\/index.php\/wp-json\/wp\/v2\/product_tag?post=3893"}],"curies":[{"name":"wp","href":"https:\/\/api.w.org\/{rel}","templated":true}]}}