{"id":3886,"date":"2025-11-27T11:15:56","date_gmt":"2025-11-27T11:15:56","guid":{"rendered":"https:\/\/felisya.store\/?post_type=product&#038;p=3886"},"modified":"2026-01-31T12:45:42","modified_gmt":"2026-01-31T12:45:42","slug":"lindy-uzun-abiye","status":"publish","type":"product","link":"https:\/\/felisya.store\/index.php\/urun\/lindy-uzun-abiye\/","title":{"rendered":"Lindy Uzun Abiye"},"content":{"rendered":"<p>Straplez Dar Etekli Abiye<\/p>\n<ul>\n<li>manken 162cm, 62kg, \u00e7ekimde 38 beden kullan\u0131lm\u0131\u015ft\u0131r.<\/li>\n<li>astarl\u0131 saten kuma\u015f<\/li>\n<li>fermuarl\u0131 s\u0131rt<\/li>\n<li>g\u00f6\u011f\u00fcs gloplu<\/li>\n<li>tak\u0131labilir saten kuma\u015f ip ask\u0131 ile birlikte gelir<\/li>\n<\/ul>\n","protected":false},"excerpt":{"rendered":"<p>Straplez Dar Etekli Abiye manken 162cm, 62kg, \u00e7ekimde 38 beden kullan\u0131lm\u0131\u015ft\u0131r. astarl\u0131 saten kuma\u015f fermuarl\u0131 s\u0131rt g\u00f6\u011f\u00fcs gloplu tak\u0131labilir saten kuma\u015f ip ask\u0131 ile birlikte gelir<\/p>\n","protected":false},"featured_media":3890,"comment_status":"open","ping_status":"closed","template":"","meta":{"_kad_post_transparent":"default","_kad_post_title":"","_kad_post_layout":"default","_kad_post_sidebar_id":"","_kad_post_content_style":"default","_kad_post_vertical_padding":"default","_kad_post_feature":"","_kad_post_feature_position":"","_kad_post_header":false,"_kad_post_footer":false},"product_brand":[],"product_cat":[123,125,64,77,15],"product_tag":[],"class_list":{"0":"post-3886","1":"product","2":"type-product","3":"status-publish","4":"has-post-thumbnail","6":"product_cat-koleksiyonlar","7":"product_cat-mezuniyet-koleksiyonu","8":"product_cat-abiye","9":"product_cat-uzun-abiye","10":"product_cat-tum-urunler","11":"pa_beden-107","12":"pa_beden-108","13":"pa_beden-109","15":"first","16":"instock","17":"shipping-taxable","18":"purchasable","19":"product-type-variable","20":"has-default-attributes","21":"entry","22":"content-bg","23":"loop-entry"},"jetpack_sharing_enabled":true,"_links":{"self":[{"href":"https:\/\/felisya.store\/index.php\/wp-json\/wp\/v2\/product\/3886","targetHints":{"allow":["GET"]}}],"collection":[{"href":"https:\/\/felisya.store\/index.php\/wp-json\/wp\/v2\/product"}],"about":[{"href":"https:\/\/felisya.store\/index.php\/wp-json\/wp\/v2\/types\/product"}],"replies":[{"embeddable":true,"href":"https:\/\/felisya.store\/index.php\/wp-json\/wp\/v2\/comments?post=3886"}],"wp:featuredmedia":[{"embeddable":true,"href":"https:\/\/felisya.store\/index.php\/wp-json\/wp\/v2\/media\/3890"}],"wp:attachment":[{"href":"https:\/\/felisya.store\/index.php\/wp-json\/wp\/v2\/media?parent=3886"}],"wp:term":[{"taxonomy":"product_brand","embeddable":true,"href":"https:\/\/felisya.store\/index.php\/wp-json\/wp\/v2\/product_brand?post=3886"},{"taxonomy":"product_cat","embeddable":true,"href":"https:\/\/felisya.store\/index.php\/wp-json\/wp\/v2\/product_cat?post=3886"},{"taxonomy":"product_tag","embeddable":true,"href":"https:\/\/felisya.store\/index.php\/wp-json\/wp\/v2\/product_tag?post=3886"}],"curies":[{"name":"wp","href":"https:\/\/api.w.org\/{rel}","templated":true}]}}