{"id":3824,"date":"2025-11-25T11:43:23","date_gmt":"2025-11-25T11:43:23","guid":{"rendered":"https:\/\/felisya.store\/?post_type=product&#038;p=3824"},"modified":"2026-01-15T12:44:44","modified_gmt":"2026-01-15T12:44:44","slug":"narin-kisa-elbise","status":"publish","type":"product","link":"https:\/\/felisya.store\/index.php\/urun\/narin-kisa-elbise\/","title":{"rendered":"Narin K\u0131sa Elbise"},"content":{"rendered":"<p>\u0130p Ask\u0131l\u0131 \u015eifon K\u0131sa Elbise<\/p>\n<ul>\n<li>manken 165cm, 55kg, \u00e7ekimde 36 beden kullan\u0131lm\u0131\u015ft\u0131r<\/li>\n<li>fermuarl\u0131 s\u0131rt<\/li>\n<li>g\u00f6\u011f\u00fcs gloplu<\/li>\n<li>uzunlu\u011fu ayarlanabilir ip ask\u0131lar<\/li>\n<\/ul>\n","protected":false},"excerpt":{"rendered":"<p>\u0130p Ask\u0131l\u0131 \u015eifon K\u0131sa Elbise manken 165cm, 55kg, \u00e7ekimde 36 beden kullan\u0131lm\u0131\u015ft\u0131r fermuarl\u0131 s\u0131rt g\u00f6\u011f\u00fcs gloplu uzunlu\u011fu ayarlanabilir ip ask\u0131lar<\/p>\n","protected":false},"featured_media":3828,"comment_status":"open","ping_status":"closed","template":"","meta":{"_kad_post_transparent":"default","_kad_post_title":"","_kad_post_layout":"default","_kad_post_sidebar_id":"","_kad_post_content_style":"default","_kad_post_vertical_padding":"default","_kad_post_feature":"","_kad_post_feature_position":"","_kad_post_header":false,"_kad_post_footer":false},"product_brand":[],"product_cat":[123,125,64,76,68,15],"product_tag":[],"class_list":{"0":"post-3824","1":"product","2":"type-product","3":"status-publish","4":"has-post-thumbnail","6":"product_cat-koleksiyonlar","7":"product_cat-mezuniyet-koleksiyonu","8":"product_cat-abiye","9":"product_cat-kisa-abiye","10":"product_cat-elbise","11":"product_cat-tum-urunler","12":"pa_beden-107","13":"pa_beden-108","14":"pa_beden-109","16":"first","17":"instock","18":"shipping-taxable","19":"purchasable","20":"product-type-variable","21":"has-default-attributes","22":"entry","23":"content-bg","24":"loop-entry"},"jetpack_sharing_enabled":true,"_links":{"self":[{"href":"https:\/\/felisya.store\/index.php\/wp-json\/wp\/v2\/product\/3824","targetHints":{"allow":["GET"]}}],"collection":[{"href":"https:\/\/felisya.store\/index.php\/wp-json\/wp\/v2\/product"}],"about":[{"href":"https:\/\/felisya.store\/index.php\/wp-json\/wp\/v2\/types\/product"}],"replies":[{"embeddable":true,"href":"https:\/\/felisya.store\/index.php\/wp-json\/wp\/v2\/comments?post=3824"}],"wp:featuredmedia":[{"embeddable":true,"href":"https:\/\/felisya.store\/index.php\/wp-json\/wp\/v2\/media\/3828"}],"wp:attachment":[{"href":"https:\/\/felisya.store\/index.php\/wp-json\/wp\/v2\/media?parent=3824"}],"wp:term":[{"taxonomy":"product_brand","embeddable":true,"href":"https:\/\/felisya.store\/index.php\/wp-json\/wp\/v2\/product_brand?post=3824"},{"taxonomy":"product_cat","embeddable":true,"href":"https:\/\/felisya.store\/index.php\/wp-json\/wp\/v2\/product_cat?post=3824"},{"taxonomy":"product_tag","embeddable":true,"href":"https:\/\/felisya.store\/index.php\/wp-json\/wp\/v2\/product_tag?post=3824"}],"curies":[{"name":"wp","href":"https:\/\/api.w.org\/{rel}","templated":true}]}}