{"id":3808,"date":"2025-11-25T11:31:09","date_gmt":"2025-11-25T11:31:09","guid":{"rendered":"https:\/\/felisya.store\/?post_type=product&#038;p=3808"},"modified":"2025-12-18T10:35:12","modified_gmt":"2025-12-18T10:35:12","slug":"minila-elbise","status":"publish","type":"product","link":"https:\/\/felisya.store\/index.php\/urun\/minila-elbise\/","title":{"rendered":"MiniLa Elbise"},"content":{"rendered":"<p>Bel Dekolteli Mini Abiye<\/p>\n<ul>\n<li>manken 165cm, 55kg, \u00e7ekimde 36 beden kullan\u0131lm\u0131\u015ft\u0131r.<\/li>\n<li>dab\u0131l kuma\u015f esnek yap\u0131dad\u0131r<\/li>\n<\/ul>\n","protected":false},"excerpt":{"rendered":"<p>Bel Dekolteli Mini Abiye manken 165cm, 55kg, \u00e7ekimde 36 beden kullan\u0131lm\u0131\u015ft\u0131r. dab\u0131l kuma\u015f esnek yap\u0131dad\u0131r<\/p>\n","protected":false},"featured_media":3814,"comment_status":"open","ping_status":"closed","template":"","meta":{"_kad_post_transparent":"default","_kad_post_title":"","_kad_post_layout":"default","_kad_post_sidebar_id":"","_kad_post_content_style":"default","_kad_post_vertical_padding":"default","_kad_post_feature":"","_kad_post_feature_position":"","_kad_post_header":false,"_kad_post_footer":false},"product_brand":[],"product_cat":[123,125,64,76,68],"product_tag":[],"class_list":{"0":"post-3808","1":"product","2":"type-product","3":"status-publish","4":"has-post-thumbnail","6":"product_cat-koleksiyonlar","7":"product_cat-mezuniyet-koleksiyonu","8":"product_cat-abiye","9":"product_cat-kisa-abiye","10":"product_cat-elbise","11":"pa_beden-107","12":"pa_beden-108","13":"pa_beden-109","15":"first","16":"outofstock","17":"shipping-taxable","18":"purchasable","19":"product-type-variable","20":"has-default-attributes","21":"entry","22":"content-bg","23":"loop-entry"},"jetpack_sharing_enabled":true,"_links":{"self":[{"href":"https:\/\/felisya.store\/index.php\/wp-json\/wp\/v2\/product\/3808","targetHints":{"allow":["GET"]}}],"collection":[{"href":"https:\/\/felisya.store\/index.php\/wp-json\/wp\/v2\/product"}],"about":[{"href":"https:\/\/felisya.store\/index.php\/wp-json\/wp\/v2\/types\/product"}],"replies":[{"embeddable":true,"href":"https:\/\/felisya.store\/index.php\/wp-json\/wp\/v2\/comments?post=3808"}],"wp:featuredmedia":[{"embeddable":true,"href":"https:\/\/felisya.store\/index.php\/wp-json\/wp\/v2\/media\/3814"}],"wp:attachment":[{"href":"https:\/\/felisya.store\/index.php\/wp-json\/wp\/v2\/media?parent=3808"}],"wp:term":[{"taxonomy":"product_brand","embeddable":true,"href":"https:\/\/felisya.store\/index.php\/wp-json\/wp\/v2\/product_brand?post=3808"},{"taxonomy":"product_cat","embeddable":true,"href":"https:\/\/felisya.store\/index.php\/wp-json\/wp\/v2\/product_cat?post=3808"},{"taxonomy":"product_tag","embeddable":true,"href":"https:\/\/felisya.store\/index.php\/wp-json\/wp\/v2\/product_tag?post=3808"}],"curies":[{"name":"wp","href":"https:\/\/api.w.org\/{rel}","templated":true}]}}