{"id":3800,"date":"2025-11-25T11:22:34","date_gmt":"2025-11-25T11:22:34","guid":{"rendered":"https:\/\/felisya.store\/?post_type=product&#038;p=3800"},"modified":"2025-12-19T14:57:19","modified_gmt":"2025-12-19T14:57:19","slug":"petal-midi-elbise","status":"publish","type":"product","link":"https:\/\/felisya.store\/index.php\/urun\/petal-midi-elbise\/","title":{"rendered":"Petal Midi Elbise"},"content":{"rendered":"<p>Halter Yaka \u015eifon Elbise<\/p>\n<ul>\n<li>Manken 165cm, 55kg, \u00e7ekimde 38 beden kullan\u0131lm\u0131\u015ft\u0131r<\/li>\n<li>G\u00f6\u011f\u00fcs gloplu<\/li>\n<li>Fermuarl\u0131 s\u0131rt detay\u0131<\/li>\n<\/ul>\n","protected":false},"excerpt":{"rendered":"<p>Halter Yaka \u015eifon Elbise Manken 165cm, 55kg, \u00e7ekimde 38 beden kullan\u0131lm\u0131\u015ft\u0131r G\u00f6\u011f\u00fcs gloplu Fermuarl\u0131 s\u0131rt detay\u0131<\/p>\n","protected":false},"featured_media":3805,"comment_status":"open","ping_status":"closed","template":"","meta":{"_kad_post_transparent":"default","_kad_post_title":"","_kad_post_layout":"default","_kad_post_sidebar_id":"","_kad_post_content_style":"default","_kad_post_vertical_padding":"default","_kad_post_feature":"","_kad_post_feature_position":"","_kad_post_header":false,"_kad_post_footer":false},"product_brand":[],"product_cat":[123,125,64,81,68,15],"product_tag":[],"class_list":{"0":"post-3800","1":"product","2":"type-product","3":"status-publish","4":"has-post-thumbnail","6":"product_cat-koleksiyonlar","7":"product_cat-mezuniyet-koleksiyonu","8":"product_cat-abiye","9":"product_cat-midi-abiye","10":"product_cat-elbise","11":"product_cat-tum-urunler","12":"pa_beden-108","13":"pa_beden-109","14":"pa_beden-110","15":"pa_beden-111","17":"first","18":"instock","19":"shipping-taxable","20":"purchasable","21":"product-type-variable","22":"has-default-attributes","23":"entry","24":"content-bg","25":"loop-entry"},"jetpack_sharing_enabled":true,"_links":{"self":[{"href":"https:\/\/felisya.store\/index.php\/wp-json\/wp\/v2\/product\/3800","targetHints":{"allow":["GET"]}}],"collection":[{"href":"https:\/\/felisya.store\/index.php\/wp-json\/wp\/v2\/product"}],"about":[{"href":"https:\/\/felisya.store\/index.php\/wp-json\/wp\/v2\/types\/product"}],"replies":[{"embeddable":true,"href":"https:\/\/felisya.store\/index.php\/wp-json\/wp\/v2\/comments?post=3800"}],"wp:featuredmedia":[{"embeddable":true,"href":"https:\/\/felisya.store\/index.php\/wp-json\/wp\/v2\/media\/3805"}],"wp:attachment":[{"href":"https:\/\/felisya.store\/index.php\/wp-json\/wp\/v2\/media?parent=3800"}],"wp:term":[{"taxonomy":"product_brand","embeddable":true,"href":"https:\/\/felisya.store\/index.php\/wp-json\/wp\/v2\/product_brand?post=3800"},{"taxonomy":"product_cat","embeddable":true,"href":"https:\/\/felisya.store\/index.php\/wp-json\/wp\/v2\/product_cat?post=3800"},{"taxonomy":"product_tag","embeddable":true,"href":"https:\/\/felisya.store\/index.php\/wp-json\/wp\/v2\/product_tag?post=3800"}],"curies":[{"name":"wp","href":"https:\/\/api.w.org\/{rel}","templated":true}]}}