{"id":3793,"date":"2025-11-25T11:14:18","date_gmt":"2025-11-25T11:14:18","guid":{"rendered":"https:\/\/felisya.store\/?post_type=product&#038;p=3793"},"modified":"2026-04-09T14:01:26","modified_gmt":"2026-04-09T14:01:26","slug":"linda-kisa-abiye","status":"publish","type":"product","link":"https:\/\/felisya.store\/index.php\/urun\/linda-kisa-abiye\/","title":{"rendered":"Linda K\u0131sa Abiye"},"content":{"rendered":"<p>Straplez Klo\u015f Etekli K\u0131sa Abiye<\/p>\n<ul>\n<li>manken 165cm, 55kg, \u00e7ekimde 36 beden kullan\u0131lm\u0131\u015ft\u0131r.<\/li>\n<li>kal\u0131n saten kuma\u015f<\/li>\n<li>fermuarl\u0131 s\u0131rt<\/li>\n<li>g\u00f6\u011f\u00fcs gloplu<\/li>\n<li>tak\u0131labilir saten kuma\u015f ip ask\u0131 ile birlikte gelir<\/li>\n<\/ul>\n<p><img fetchpriority=\"high\" decoding=\"async\" class=\"alignnone size-medium wp-image-5028\" src=\"https:\/\/felisya.store\/wp-content\/uploads\/2025\/11\/9-300x300.png\" alt=\"\" width=\"300\" height=\"300\" srcset=\"https:\/\/felisya.store\/wp-content\/uploads\/2025\/11\/9-300x300.png 300w, https:\/\/felisya.store\/wp-content\/uploads\/2025\/11\/9-800x800.png 800w, https:\/\/felisya.store\/wp-content\/uploads\/2025\/11\/9-100x100.png 100w, https:\/\/felisya.store\/wp-content\/uploads\/2025\/11\/9-150x150.png 150w, https:\/\/felisya.store\/wp-content\/uploads\/2025\/11\/9-768x768.png 768w, https:\/\/felisya.store\/wp-content\/uploads\/2025\/11\/9-24x24.png 24w, https:\/\/felisya.store\/wp-content\/uploads\/2025\/11\/9-36x36.png 36w, https:\/\/felisya.store\/wp-content\/uploads\/2025\/11\/9-48x48.png 48w, https:\/\/felisya.store\/wp-content\/uploads\/2025\/11\/9-50x50.png 50w, https:\/\/felisya.store\/wp-content\/uploads\/2025\/11\/9.png 832w\" sizes=\"(max-width: 300px) 100vw, 300px\" \/> <img decoding=\"async\" class=\"alignnone size-medium wp-image-5029\" src=\"https:\/\/felisya.store\/wp-content\/uploads\/2025\/11\/10-300x300.png\" alt=\"\" width=\"300\" height=\"300\" srcset=\"https:\/\/felisya.store\/wp-content\/uploads\/2025\/11\/10-300x300.png 300w, https:\/\/felisya.store\/wp-content\/uploads\/2025\/11\/10-800x800.png 800w, https:\/\/felisya.store\/wp-content\/uploads\/2025\/11\/10-100x100.png 100w, https:\/\/felisya.store\/wp-content\/uploads\/2025\/11\/10-150x150.png 150w, https:\/\/felisya.store\/wp-content\/uploads\/2025\/11\/10-768x768.png 768w, https:\/\/felisya.store\/wp-content\/uploads\/2025\/11\/10-24x24.png 24w, https:\/\/felisya.store\/wp-content\/uploads\/2025\/11\/10-36x36.png 36w, https:\/\/felisya.store\/wp-content\/uploads\/2025\/11\/10-48x48.png 48w, https:\/\/felisya.store\/wp-content\/uploads\/2025\/11\/10-50x50.png 50w, https:\/\/felisya.store\/wp-content\/uploads\/2025\/11\/10.png 832w\" sizes=\"(max-width: 300px) 100vw, 300px\" \/> <img decoding=\"async\" class=\"alignnone size-medium wp-image-5030\" src=\"https:\/\/felisya.store\/wp-content\/uploads\/2025\/11\/11-300x300.png\" alt=\"\" width=\"300\" height=\"300\" srcset=\"https:\/\/felisya.store\/wp-content\/uploads\/2025\/11\/11-300x300.png 300w, https:\/\/felisya.store\/wp-content\/uploads\/2025\/11\/11-800x800.png 800w, https:\/\/felisya.store\/wp-content\/uploads\/2025\/11\/11-100x100.png 100w, https:\/\/felisya.store\/wp-content\/uploads\/2025\/11\/11-150x150.png 150w, https:\/\/felisya.store\/wp-content\/uploads\/2025\/11\/11-768x768.png 768w, https:\/\/felisya.store\/wp-content\/uploads\/2025\/11\/11-24x24.png 24w, https:\/\/felisya.store\/wp-content\/uploads\/2025\/11\/11-36x36.png 36w, https:\/\/felisya.store\/wp-content\/uploads\/2025\/11\/11-48x48.png 48w, https:\/\/felisya.store\/wp-content\/uploads\/2025\/11\/11-50x50.png 50w, https:\/\/felisya.store\/wp-content\/uploads\/2025\/11\/11.png 832w\" sizes=\"(max-width: 300px) 100vw, 300px\" \/><\/p>\n","protected":false},"excerpt":{"rendered":"<p>Straplez Klo\u015f Etekli K\u0131sa Abiye manken 165cm, 55kg, \u00e7ekimde 36 beden kullan\u0131lm\u0131\u015ft\u0131r. kal\u0131n saten kuma\u015f fermuarl\u0131 s\u0131rt g\u00f6\u011f\u00fcs gloplu tak\u0131labilir saten kuma\u015f ip ask\u0131 ile birlikte gelir<\/p>\n","protected":false},"featured_media":6026,"comment_status":"open","ping_status":"closed","template":"","meta":{"_kad_post_transparent":"default","_kad_post_title":"","_kad_post_layout":"default","_kad_post_sidebar_id":"","_kad_post_content_style":"default","_kad_post_vertical_padding":"default","_kad_post_feature":"","_kad_post_feature_position":"","_kad_post_header":false,"_kad_post_footer":false},"product_brand":[],"product_cat":[123,125,64,76,15],"product_tag":[],"class_list":{"0":"post-3793","1":"product","2":"type-product","3":"status-publish","4":"has-post-thumbnail","6":"product_cat-koleksiyonlar","7":"product_cat-mezuniyet-koleksiyonu","8":"product_cat-abiye","9":"product_cat-kisa-abiye","10":"product_cat-tum-urunler","11":"pa_beden-107","12":"pa_beden-108","13":"pa_beden-109","14":"pa_beden-110","16":"first","17":"instock","18":"shipping-taxable","19":"purchasable","20":"product-type-variable","21":"has-default-attributes","22":"entry","23":"content-bg","24":"loop-entry"},"jetpack_sharing_enabled":true,"_links":{"self":[{"href":"https:\/\/felisya.store\/index.php\/wp-json\/wp\/v2\/product\/3793","targetHints":{"allow":["GET"]}}],"collection":[{"href":"https:\/\/felisya.store\/index.php\/wp-json\/wp\/v2\/product"}],"about":[{"href":"https:\/\/felisya.store\/index.php\/wp-json\/wp\/v2\/types\/product"}],"replies":[{"embeddable":true,"href":"https:\/\/felisya.store\/index.php\/wp-json\/wp\/v2\/comments?post=3793"}],"wp:featuredmedia":[{"embeddable":true,"href":"https:\/\/felisya.store\/index.php\/wp-json\/wp\/v2\/media\/6026"}],"wp:attachment":[{"href":"https:\/\/felisya.store\/index.php\/wp-json\/wp\/v2\/media?parent=3793"}],"wp:term":[{"taxonomy":"product_brand","embeddable":true,"href":"https:\/\/felisya.store\/index.php\/wp-json\/wp\/v2\/product_brand?post=3793"},{"taxonomy":"product_cat","embeddable":true,"href":"https:\/\/felisya.store\/index.php\/wp-json\/wp\/v2\/product_cat?post=3793"},{"taxonomy":"product_tag","embeddable":true,"href":"https:\/\/felisya.store\/index.php\/wp-json\/wp\/v2\/product_tag?post=3793"}],"curies":[{"name":"wp","href":"https:\/\/api.w.org\/{rel}","templated":true}]}}