{"id":3767,"date":"2025-11-24T17:55:06","date_gmt":"2025-11-24T17:55:06","guid":{"rendered":"https:\/\/felisya.store\/?post_type=product&#038;p=3767"},"modified":"2025-12-20T10:24:47","modified_gmt":"2025-12-20T10:24:47","slug":"satin-uzun-abiye","status":"publish","type":"product","link":"https:\/\/felisya.store\/index.php\/urun\/satin-uzun-abiye\/","title":{"rendered":"Satin Uzun Abiye"},"content":{"rendered":"<p>\u0130nce Ask\u0131l\u0131\u00a0 Saten Abiye<\/p>\n<ul>\n<li>manken 165cm, 55kg, \u00e7ekimde 36 beden kullan\u0131lm\u0131\u015ft\u0131r<\/li>\n<li>kal\u0131n saten kuma\u015f<\/li>\n<li>fermuar s\u0131rt<\/li>\n<li>g\u00f6\u011f\u00fcs gloplu ve balenli<\/li>\n<li>ip ask\u0131lar\u0131 ayarlanabilir<\/li>\n<li>y\u0131rtma\u00e7l\u0131<\/li>\n<\/ul>\n","protected":false},"excerpt":{"rendered":"<p>\u0130nce Ask\u0131l\u0131\u00a0 Saten Abiye manken 165cm, 55kg, \u00e7ekimde 36 beden kullan\u0131lm\u0131\u015ft\u0131r kal\u0131n saten kuma\u015f fermuar s\u0131rt g\u00f6\u011f\u00fcs gloplu ve balenli ip ask\u0131lar\u0131 ayarlanabilir y\u0131rtma\u00e7l\u0131<\/p>\n","protected":false},"featured_media":3762,"comment_status":"open","ping_status":"closed","template":"","meta":{"_kad_post_transparent":"default","_kad_post_title":"","_kad_post_layout":"default","_kad_post_sidebar_id":"","_kad_post_content_style":"default","_kad_post_vertical_padding":"default","_kad_post_feature":"","_kad_post_feature_position":"","_kad_post_header":false,"_kad_post_footer":false},"product_brand":[],"product_cat":[125,64,77,15],"product_tag":[145,144,143],"class_list":{"0":"post-3767","1":"product","2":"type-product","3":"status-publish","4":"has-post-thumbnail","6":"product_cat-mezuniyet-koleksiyonu","7":"product_cat-abiye","8":"product_cat-uzun-abiye","9":"product_cat-tum-urunler","10":"product_tag-askili","11":"product_tag-mor","12":"product_tag-saten","13":"pa_beden-107","14":"pa_beden-108","15":"pa_beden-109","16":"pa_beden-110","18":"first","19":"instock","20":"shipping-taxable","21":"purchasable","22":"product-type-variable","23":"has-default-attributes","24":"entry","25":"content-bg","26":"loop-entry"},"jetpack_sharing_enabled":true,"_links":{"self":[{"href":"https:\/\/felisya.store\/index.php\/wp-json\/wp\/v2\/product\/3767","targetHints":{"allow":["GET"]}}],"collection":[{"href":"https:\/\/felisya.store\/index.php\/wp-json\/wp\/v2\/product"}],"about":[{"href":"https:\/\/felisya.store\/index.php\/wp-json\/wp\/v2\/types\/product"}],"replies":[{"embeddable":true,"href":"https:\/\/felisya.store\/index.php\/wp-json\/wp\/v2\/comments?post=3767"}],"wp:featuredmedia":[{"embeddable":true,"href":"https:\/\/felisya.store\/index.php\/wp-json\/wp\/v2\/media\/3762"}],"wp:attachment":[{"href":"https:\/\/felisya.store\/index.php\/wp-json\/wp\/v2\/media?parent=3767"}],"wp:term":[{"taxonomy":"product_brand","embeddable":true,"href":"https:\/\/felisya.store\/index.php\/wp-json\/wp\/v2\/product_brand?post=3767"},{"taxonomy":"product_cat","embeddable":true,"href":"https:\/\/felisya.store\/index.php\/wp-json\/wp\/v2\/product_cat?post=3767"},{"taxonomy":"product_tag","embeddable":true,"href":"https:\/\/felisya.store\/index.php\/wp-json\/wp\/v2\/product_tag?post=3767"}],"curies":[{"name":"wp","href":"https:\/\/api.w.org\/{rel}","templated":true}]}}