{"id":3740,"date":"2025-11-24T17:38:53","date_gmt":"2025-11-24T17:38:53","guid":{"rendered":"https:\/\/felisya.store\/?post_type=product&#038;p=3740"},"modified":"2026-04-05T12:11:48","modified_gmt":"2026-04-05T12:11:48","slug":"ariel-uzun-abiye","status":"publish","type":"product","link":"https:\/\/felisya.store\/index.php\/urun\/ariel-uzun-abiye\/","title":{"rendered":"Ariel Uzun Abiye"},"content":{"rendered":"<p>Boncuk \u0130\u015flemeli Straplez Abiye<\/p>\n<ul>\n<li>manken 162cm, 62kg, \u00e7ekimde 38 beden kullan\u0131lm\u0131\u015ft\u0131r<\/li>\n<li>bal\u0131ks\u0131rt\u0131 boncuk i\u015flemeli kuma\u015f<\/li>\n<li>\u00e7apraz s\u0131rt detay\u0131<\/li>\n<li>g\u00f6\u011f\u00fcs gloplu<\/li>\n<li>\u015feffaf ip ask\u0131lar mevcut<\/li>\n<\/ul>\n","protected":false},"excerpt":{"rendered":"<p>Boncuk \u0130\u015flemeli Straplez Abiye manken 162cm, 62kg, \u00e7ekimde 38 beden kullan\u0131lm\u0131\u015ft\u0131r bal\u0131ks\u0131rt\u0131 boncuk i\u015flemeli kuma\u015f \u00e7apraz s\u0131rt detay\u0131 g\u00f6\u011f\u00fcs gloplu \u015feffaf ip ask\u0131lar mevcut<\/p>\n","protected":false},"featured_media":3747,"comment_status":"open","ping_status":"closed","template":"","meta":{"_kad_post_transparent":"default","_kad_post_title":"","_kad_post_layout":"default","_kad_post_sidebar_id":"","_kad_post_content_style":"default","_kad_post_vertical_padding":"default","_kad_post_feature":"","_kad_post_feature_position":"","_kad_post_header":false,"_kad_post_footer":false},"product_brand":[],"product_cat":[64,77,15],"product_tag":[],"class_list":{"0":"post-3740","1":"product","2":"type-product","3":"status-publish","4":"has-post-thumbnail","6":"product_cat-abiye","7":"product_cat-uzun-abiye","8":"product_cat-tum-urunler","9":"pa_beden-108","10":"pa_beden-110","11":"pa_beden-112","13":"first","14":"instock","15":"shipping-taxable","16":"purchasable","17":"product-type-variable","18":"has-default-attributes","19":"entry","20":"content-bg","21":"loop-entry"},"jetpack_sharing_enabled":true,"_links":{"self":[{"href":"https:\/\/felisya.store\/index.php\/wp-json\/wp\/v2\/product\/3740","targetHints":{"allow":["GET"]}}],"collection":[{"href":"https:\/\/felisya.store\/index.php\/wp-json\/wp\/v2\/product"}],"about":[{"href":"https:\/\/felisya.store\/index.php\/wp-json\/wp\/v2\/types\/product"}],"replies":[{"embeddable":true,"href":"https:\/\/felisya.store\/index.php\/wp-json\/wp\/v2\/comments?post=3740"}],"wp:featuredmedia":[{"embeddable":true,"href":"https:\/\/felisya.store\/index.php\/wp-json\/wp\/v2\/media\/3747"}],"wp:attachment":[{"href":"https:\/\/felisya.store\/index.php\/wp-json\/wp\/v2\/media?parent=3740"}],"wp:term":[{"taxonomy":"product_brand","embeddable":true,"href":"https:\/\/felisya.store\/index.php\/wp-json\/wp\/v2\/product_brand?post=3740"},{"taxonomy":"product_cat","embeddable":true,"href":"https:\/\/felisya.store\/index.php\/wp-json\/wp\/v2\/product_cat?post=3740"},{"taxonomy":"product_tag","embeddable":true,"href":"https:\/\/felisya.store\/index.php\/wp-json\/wp\/v2\/product_tag?post=3740"}],"curies":[{"name":"wp","href":"https:\/\/api.w.org\/{rel}","templated":true}]}}