{"id":3725,"date":"2025-11-24T17:32:56","date_gmt":"2025-11-24T17:32:56","guid":{"rendered":"https:\/\/felisya.store\/?post_type=product&#038;p=3725"},"modified":"2026-04-11T16:40:51","modified_gmt":"2026-04-11T16:40:51","slug":"ariel-midi-abiye","status":"publish","type":"product","link":"https:\/\/felisya.store\/index.php\/urun\/ariel-midi-abiye\/","title":{"rendered":"Ariel Midi Abiye"},"content":{"rendered":"<p>Boncuk \u0130\u015flemeli Straplez Abiye<\/p>\n<ul>\n<li>manken 162cm, 62kg, \u00e7ekimde 38 beden kullan\u0131lm\u0131\u015ft\u0131r<\/li>\n<li>bal\u0131ks\u0131rt\u0131 boncuk i\u015flemeli kuma\u015f<\/li>\n<li>\u00e7apraz s\u0131rt detay\u0131<\/li>\n<li>g\u00f6\u011f\u00fcs gloplu<\/li>\n<li>\u015feffaf ip ask\u0131lar mevcut<\/li>\n<\/ul>\n<p><img fetchpriority=\"high\" decoding=\"async\" class=\"alignnone size-medium wp-image-5043\" src=\"https:\/\/felisya.store\/wp-content\/uploads\/2025\/11\/65cm-2-300x300.png\" alt=\"\" width=\"300\" height=\"300\" srcset=\"https:\/\/felisya.store\/wp-content\/uploads\/2025\/11\/65cm-2-300x300.png 300w, https:\/\/felisya.store\/wp-content\/uploads\/2025\/11\/65cm-2-100x100.png 100w, https:\/\/felisya.store\/wp-content\/uploads\/2025\/11\/65cm-2-150x150.png 150w, https:\/\/felisya.store\/wp-content\/uploads\/2025\/11\/65cm-2-24x24.png 24w, https:\/\/felisya.store\/wp-content\/uploads\/2025\/11\/65cm-2-36x36.png 36w, https:\/\/felisya.store\/wp-content\/uploads\/2025\/11\/65cm-2-48x48.png 48w, https:\/\/felisya.store\/wp-content\/uploads\/2025\/11\/65cm-2-50x50.png 50w, https:\/\/felisya.store\/wp-content\/uploads\/2025\/11\/65cm-2.png 514w\" sizes=\"(max-width: 300px) 100vw, 300px\" \/><\/p>\n","protected":false},"excerpt":{"rendered":"<p>Boncuk \u0130\u015flemeli Straplez Abiye manken 162cm, 62kg, \u00e7ekimde 38 beden kullan\u0131lm\u0131\u015ft\u0131r bal\u0131ks\u0131rt\u0131 boncuk i\u015flemeli kuma\u015f \u00e7apraz s\u0131rt detay\u0131 g\u00f6\u011f\u00fcs gloplu \u015feffaf ip ask\u0131lar mevcut<\/p>\n","protected":false},"featured_media":3736,"comment_status":"open","ping_status":"closed","template":"","meta":{"_kad_post_transparent":"default","_kad_post_title":"","_kad_post_layout":"default","_kad_post_sidebar_id":"","_kad_post_content_style":"default","_kad_post_vertical_padding":"default","_kad_post_feature":"","_kad_post_feature_position":"","_kad_post_header":false,"_kad_post_footer":false},"product_brand":[],"product_cat":[123,124,64,81,15],"product_tag":[],"class_list":{"0":"post-3725","1":"product","2":"type-product","3":"status-publish","4":"has-post-thumbnail","6":"product_cat-koleksiyonlar","7":"product_cat-nikah-koleksiyonu","8":"product_cat-abiye","9":"product_cat-midi-abiye","10":"product_cat-tum-urunler","11":"pa_beden-108","12":"pa_beden-110","13":"pa_beden-112","15":"first","16":"instock","17":"shipping-taxable","18":"purchasable","19":"product-type-variable","20":"has-default-attributes","21":"entry","22":"content-bg","23":"loop-entry"},"jetpack_sharing_enabled":true,"_links":{"self":[{"href":"https:\/\/felisya.store\/index.php\/wp-json\/wp\/v2\/product\/3725","targetHints":{"allow":["GET"]}}],"collection":[{"href":"https:\/\/felisya.store\/index.php\/wp-json\/wp\/v2\/product"}],"about":[{"href":"https:\/\/felisya.store\/index.php\/wp-json\/wp\/v2\/types\/product"}],"replies":[{"embeddable":true,"href":"https:\/\/felisya.store\/index.php\/wp-json\/wp\/v2\/comments?post=3725"}],"wp:featuredmedia":[{"embeddable":true,"href":"https:\/\/felisya.store\/index.php\/wp-json\/wp\/v2\/media\/3736"}],"wp:attachment":[{"href":"https:\/\/felisya.store\/index.php\/wp-json\/wp\/v2\/media?parent=3725"}],"wp:term":[{"taxonomy":"product_brand","embeddable":true,"href":"https:\/\/felisya.store\/index.php\/wp-json\/wp\/v2\/product_brand?post=3725"},{"taxonomy":"product_cat","embeddable":true,"href":"https:\/\/felisya.store\/index.php\/wp-json\/wp\/v2\/product_cat?post=3725"},{"taxonomy":"product_tag","embeddable":true,"href":"https:\/\/felisya.store\/index.php\/wp-json\/wp\/v2\/product_tag?post=3725"}],"curies":[{"name":"wp","href":"https:\/\/api.w.org\/{rel}","templated":true}]}}