{"id":3708,"date":"2025-11-24T17:18:43","date_gmt":"2025-11-24T17:18:43","guid":{"rendered":"https:\/\/felisya.store\/?post_type=product&#038;p=3708"},"modified":"2025-12-19T14:52:32","modified_gmt":"2025-12-19T14:52:32","slug":"nyxia-midi-abiye","status":"publish","type":"product","link":"https:\/\/felisya.store\/index.php\/urun\/nyxia-midi-abiye\/","title":{"rendered":"Nyxia Midi Abiye"},"content":{"rendered":"<p>Organze Kruvaze Abiye<\/p>\n<ul>\n<li>Manken 165cm, 55kg, \u00e7ekimde 36 beden kullan\u0131lm\u0131\u015ft\u0131r<\/li>\n<li>G\u00f6\u011f\u00fcs gloplu<\/li>\n<li>Fermuarl\u0131<\/li>\n<\/ul>\n","protected":false},"excerpt":{"rendered":"<p>Organze Kruvaze Abiye Manken 165cm, 55kg, \u00e7ekimde 36 beden kullan\u0131lm\u0131\u015ft\u0131r G\u00f6\u011f\u00fcs gloplu Fermuarl\u0131<\/p>\n","protected":false},"featured_media":3713,"comment_status":"open","ping_status":"closed","template":"","meta":{"_kad_post_transparent":"default","_kad_post_title":"","_kad_post_layout":"default","_kad_post_sidebar_id":"","_kad_post_content_style":"default","_kad_post_vertical_padding":"default","_kad_post_feature":"","_kad_post_feature_position":"","_kad_post_header":false,"_kad_post_footer":false},"product_brand":[],"product_cat":[123,125,64,81,15],"product_tag":[],"class_list":{"0":"post-3708","1":"product","2":"type-product","3":"status-publish","4":"has-post-thumbnail","6":"product_cat-koleksiyonlar","7":"product_cat-mezuniyet-koleksiyonu","8":"product_cat-abiye","9":"product_cat-midi-abiye","10":"product_cat-tum-urunler","11":"pa_beden-107","12":"pa_beden-108","13":"pa_beden-109","14":"pa_beden-110","16":"first","17":"instock","18":"shipping-taxable","19":"purchasable","20":"product-type-variable","21":"has-default-attributes","22":"entry","23":"content-bg","24":"loop-entry"},"jetpack_sharing_enabled":true,"_links":{"self":[{"href":"https:\/\/felisya.store\/index.php\/wp-json\/wp\/v2\/product\/3708","targetHints":{"allow":["GET"]}}],"collection":[{"href":"https:\/\/felisya.store\/index.php\/wp-json\/wp\/v2\/product"}],"about":[{"href":"https:\/\/felisya.store\/index.php\/wp-json\/wp\/v2\/types\/product"}],"replies":[{"embeddable":true,"href":"https:\/\/felisya.store\/index.php\/wp-json\/wp\/v2\/comments?post=3708"}],"wp:featuredmedia":[{"embeddable":true,"href":"https:\/\/felisya.store\/index.php\/wp-json\/wp\/v2\/media\/3713"}],"wp:attachment":[{"href":"https:\/\/felisya.store\/index.php\/wp-json\/wp\/v2\/media?parent=3708"}],"wp:term":[{"taxonomy":"product_brand","embeddable":true,"href":"https:\/\/felisya.store\/index.php\/wp-json\/wp\/v2\/product_brand?post=3708"},{"taxonomy":"product_cat","embeddable":true,"href":"https:\/\/felisya.store\/index.php\/wp-json\/wp\/v2\/product_cat?post=3708"},{"taxonomy":"product_tag","embeddable":true,"href":"https:\/\/felisya.store\/index.php\/wp-json\/wp\/v2\/product_tag?post=3708"}],"curies":[{"name":"wp","href":"https:\/\/api.w.org\/{rel}","templated":true}]}}