{"id":3603,"date":"2025-11-24T13:23:44","date_gmt":"2025-11-24T13:23:44","guid":{"rendered":"https:\/\/felisya.store\/?post_type=product&#038;p=3603"},"modified":"2026-01-30T13:48:35","modified_gmt":"2026-01-30T13:48:35","slug":"rosa-mini-abiye","status":"publish","type":"product","link":"https:\/\/felisya.store\/index.php\/urun\/rosa-mini-abiye\/","title":{"rendered":"Rosa Mini Abiye"},"content":{"rendered":"<p>Krep Kuma\u015f T\u00fcl Dekolteli Mini Abiye<\/p>\n<ul>\n<li>manken 165cm, 55kg, \u00e7ekimde 36 beden kullan\u0131lm\u0131\u015ft\u0131r<\/li>\n<li>fermuarl\u0131 s\u0131rt detay\u0131<\/li>\n<li>g\u00f6\u011f\u00fcs gloplu ve t\u00fcl dekolteli<\/li>\n<li>astarl\u0131 krep kuma\u015f<\/li>\n<\/ul>\n","protected":false},"excerpt":{"rendered":"<p>Krep Kuma\u015f T\u00fcl Dekolteli Mini Abiye manken 165cm, 55kg, \u00e7ekimde 36 beden kullan\u0131lm\u0131\u015ft\u0131r fermuarl\u0131 s\u0131rt detay\u0131 g\u00f6\u011f\u00fcs gloplu ve t\u00fcl dekolteli astarl\u0131 krep kuma\u015f<\/p>\n","protected":false},"featured_media":3624,"comment_status":"open","ping_status":"closed","template":"","meta":{"_kad_post_transparent":"default","_kad_post_title":"","_kad_post_layout":"default","_kad_post_sidebar_id":"","_kad_post_content_style":"default","_kad_post_vertical_padding":"default","_kad_post_feature":"","_kad_post_feature_position":"","_kad_post_header":false,"_kad_post_footer":false},"product_brand":[],"product_cat":[123,124,126,64,76,15],"product_tag":[],"class_list":{"0":"post-3603","1":"product","2":"type-product","3":"status-publish","4":"has-post-thumbnail","6":"product_cat-koleksiyonlar","7":"product_cat-nikah-koleksiyonu","8":"product_cat-parti-koleksiyonu","9":"product_cat-abiye","10":"product_cat-kisa-abiye","11":"product_cat-tum-urunler","12":"pa_beden-107","13":"pa_beden-108","14":"pa_beden-109","16":"first","17":"instock","18":"shipping-taxable","19":"purchasable","20":"product-type-variable","21":"has-default-attributes","22":"entry","23":"content-bg","24":"loop-entry"},"jetpack_sharing_enabled":true,"_links":{"self":[{"href":"https:\/\/felisya.store\/index.php\/wp-json\/wp\/v2\/product\/3603","targetHints":{"allow":["GET"]}}],"collection":[{"href":"https:\/\/felisya.store\/index.php\/wp-json\/wp\/v2\/product"}],"about":[{"href":"https:\/\/felisya.store\/index.php\/wp-json\/wp\/v2\/types\/product"}],"replies":[{"embeddable":true,"href":"https:\/\/felisya.store\/index.php\/wp-json\/wp\/v2\/comments?post=3603"}],"wp:featuredmedia":[{"embeddable":true,"href":"https:\/\/felisya.store\/index.php\/wp-json\/wp\/v2\/media\/3624"}],"wp:attachment":[{"href":"https:\/\/felisya.store\/index.php\/wp-json\/wp\/v2\/media?parent=3603"}],"wp:term":[{"taxonomy":"product_brand","embeddable":true,"href":"https:\/\/felisya.store\/index.php\/wp-json\/wp\/v2\/product_brand?post=3603"},{"taxonomy":"product_cat","embeddable":true,"href":"https:\/\/felisya.store\/index.php\/wp-json\/wp\/v2\/product_cat?post=3603"},{"taxonomy":"product_tag","embeddable":true,"href":"https:\/\/felisya.store\/index.php\/wp-json\/wp\/v2\/product_tag?post=3603"}],"curies":[{"name":"wp","href":"https:\/\/api.w.org\/{rel}","templated":true}]}}