{"id":3559,"date":"2025-11-24T12:36:23","date_gmt":"2025-11-24T12:36:23","guid":{"rendered":"https:\/\/felisya.store\/?post_type=product&#038;p=3559"},"modified":"2026-01-30T13:53:57","modified_gmt":"2026-01-30T13:53:57","slug":"tulle-glam-mini-abiye","status":"publish","type":"product","link":"https:\/\/felisya.store\/index.php\/urun\/tulle-glam-mini-abiye\/","title":{"rendered":"Tulle Glam Mini Abiye"},"content":{"rendered":"<p>T\u00fcl Detayl\u0131 Ta\u015fl\u0131 Mini Abiye<\/p>\n<ul>\n<li>manken 165cm, 55kg, \u00e7ekimde 36 beden kullan\u0131lm\u0131\u015ft\u0131r<\/li>\n<li>g\u00f6\u011f\u00fcs gloplu<\/li>\n<li>fermuarl\u0131<\/li>\n<li>\u015feffaf ip ask\u0131lar mevcut<\/li>\n<\/ul>\n","protected":false},"excerpt":{"rendered":"<p>T\u00fcl Detayl\u0131 Ta\u015fl\u0131 Mini Abiye manken 165cm, 55kg, \u00e7ekimde 36 beden kullan\u0131lm\u0131\u015ft\u0131r g\u00f6\u011f\u00fcs gloplu fermuarl\u0131 \u015feffaf ip ask\u0131lar mevcut<\/p>\n","protected":false},"featured_media":3571,"comment_status":"open","ping_status":"closed","template":"","meta":{"_kad_post_transparent":"default","_kad_post_title":"","_kad_post_layout":"default","_kad_post_sidebar_id":"","_kad_post_content_style":"default","_kad_post_vertical_padding":"default","_kad_post_feature":"","_kad_post_feature_position":"","_kad_post_header":false,"_kad_post_footer":false},"product_brand":[],"product_cat":[123,125,64,76],"product_tag":[],"class_list":{"0":"post-3559","1":"product","2":"type-product","3":"status-publish","4":"has-post-thumbnail","6":"product_cat-koleksiyonlar","7":"product_cat-mezuniyet-koleksiyonu","8":"product_cat-abiye","9":"product_cat-kisa-abiye","10":"pa_beden-107","11":"pa_beden-108","12":"pa_beden-109","13":"pa_beden-110","15":"first","16":"instock","17":"shipping-taxable","18":"purchasable","19":"product-type-variable","20":"has-default-attributes","21":"entry","22":"content-bg","23":"loop-entry"},"jetpack_sharing_enabled":true,"_links":{"self":[{"href":"https:\/\/felisya.store\/index.php\/wp-json\/wp\/v2\/product\/3559","targetHints":{"allow":["GET"]}}],"collection":[{"href":"https:\/\/felisya.store\/index.php\/wp-json\/wp\/v2\/product"}],"about":[{"href":"https:\/\/felisya.store\/index.php\/wp-json\/wp\/v2\/types\/product"}],"replies":[{"embeddable":true,"href":"https:\/\/felisya.store\/index.php\/wp-json\/wp\/v2\/comments?post=3559"}],"wp:featuredmedia":[{"embeddable":true,"href":"https:\/\/felisya.store\/index.php\/wp-json\/wp\/v2\/media\/3571"}],"wp:attachment":[{"href":"https:\/\/felisya.store\/index.php\/wp-json\/wp\/v2\/media?parent=3559"}],"wp:term":[{"taxonomy":"product_brand","embeddable":true,"href":"https:\/\/felisya.store\/index.php\/wp-json\/wp\/v2\/product_brand?post=3559"},{"taxonomy":"product_cat","embeddable":true,"href":"https:\/\/felisya.store\/index.php\/wp-json\/wp\/v2\/product_cat?post=3559"},{"taxonomy":"product_tag","embeddable":true,"href":"https:\/\/felisya.store\/index.php\/wp-json\/wp\/v2\/product_tag?post=3559"}],"curies":[{"name":"wp","href":"https:\/\/api.w.org\/{rel}","templated":true}]}}