{"id":3554,"date":"2025-11-24T12:28:10","date_gmt":"2025-11-24T12:28:10","guid":{"rendered":"https:\/\/felisya.store\/?post_type=product&#038;p=3554"},"modified":"2025-12-22T08:37:15","modified_gmt":"2025-12-22T08:37:15","slug":"tulle-dream-abiye-tulum","status":"publish","type":"product","link":"https:\/\/felisya.store\/index.php\/urun\/tulle-dream-abiye-tulum\/","title":{"rendered":"Tulle Dream Abiye Tulum"},"content":{"rendered":"<p>T\u00fcl Balon Kollu Abiye Tulum<\/p>\n<ul>\n<li>manken 162cm, 62kg, \u00e7ekimde 38 beden kullan\u0131lm\u0131\u015ft\u0131r.<\/li>\n<li>krep kuma\u015f tulum<\/li>\n<li>fermuarl\u0131<\/li>\n<\/ul>\n","protected":false},"excerpt":{"rendered":"<p>T\u00fcl Balon Kollu Abiye Tulum manken 162cm, 62kg, \u00e7ekimde 38 beden kullan\u0131lm\u0131\u015ft\u0131r. krep kuma\u015f tulum fermuarl\u0131<\/p>\n","protected":false},"featured_media":3550,"comment_status":"open","ping_status":"closed","template":"","meta":{"_kad_post_transparent":"default","_kad_post_title":"","_kad_post_layout":"default","_kad_post_sidebar_id":"","_kad_post_content_style":"default","_kad_post_vertical_padding":"default","_kad_post_feature":"","_kad_post_feature_position":"","_kad_post_header":false,"_kad_post_footer":false},"product_brand":[],"product_cat":[139,64,15],"product_tag":[],"class_list":{"0":"post-3554","1":"product","2":"type-product","3":"status-publish","4":"has-post-thumbnail","6":"product_cat-tulum","7":"product_cat-abiye","8":"product_cat-tum-urunler","9":"pa_beden-108","10":"pa_beden-109","11":"pa_beden-110","12":"pa_beden-111","14":"first","15":"instock","16":"shipping-taxable","17":"purchasable","18":"product-type-variable","19":"has-default-attributes","20":"entry","21":"content-bg","22":"loop-entry"},"jetpack_sharing_enabled":true,"_links":{"self":[{"href":"https:\/\/felisya.store\/index.php\/wp-json\/wp\/v2\/product\/3554","targetHints":{"allow":["GET"]}}],"collection":[{"href":"https:\/\/felisya.store\/index.php\/wp-json\/wp\/v2\/product"}],"about":[{"href":"https:\/\/felisya.store\/index.php\/wp-json\/wp\/v2\/types\/product"}],"replies":[{"embeddable":true,"href":"https:\/\/felisya.store\/index.php\/wp-json\/wp\/v2\/comments?post=3554"}],"wp:featuredmedia":[{"embeddable":true,"href":"https:\/\/felisya.store\/index.php\/wp-json\/wp\/v2\/media\/3550"}],"wp:attachment":[{"href":"https:\/\/felisya.store\/index.php\/wp-json\/wp\/v2\/media?parent=3554"}],"wp:term":[{"taxonomy":"product_brand","embeddable":true,"href":"https:\/\/felisya.store\/index.php\/wp-json\/wp\/v2\/product_brand?post=3554"},{"taxonomy":"product_cat","embeddable":true,"href":"https:\/\/felisya.store\/index.php\/wp-json\/wp\/v2\/product_cat?post=3554"},{"taxonomy":"product_tag","embeddable":true,"href":"https:\/\/felisya.store\/index.php\/wp-json\/wp\/v2\/product_tag?post=3554"}],"curies":[{"name":"wp","href":"https:\/\/api.w.org\/{rel}","templated":true}]}}