{"id":3448,"date":"2025-11-24T11:34:15","date_gmt":"2025-11-24T11:34:15","guid":{"rendered":"https:\/\/felisya.store\/?post_type=product&#038;p=3448"},"modified":"2026-04-15T10:45:33","modified_gmt":"2026-04-15T10:45:33","slug":"stella-uzun-abiye","status":"publish","type":"product","link":"https:\/\/felisya.store\/index.php\/urun\/stella-uzun-abiye\/","title":{"rendered":"Stella Uzun Abiye"},"content":{"rendered":"<p>Degaje Yaka Saten Abiye<\/p>\n<ul>\n<li>manken 165cm, 55kg, \u00e7ekimde 40 beden kullan\u0131lm\u0131\u015ft\u0131r.<\/li>\n<li>bir ya da iki beden b\u00fcy\u00fck al\u0131nmas\u0131 \u00f6nerilmektedir, kuma\u015f esnek de\u011fildir.<\/li>\n<li>i\u00e7i mini etekli<\/li>\n<li>degaje yaka<\/li>\n<li>\u00e7apraz s\u0131rt detay\u0131<\/li>\n<li>g\u00f6\u011f\u00fcs gloplu<\/li>\n<\/ul>\n","protected":false},"excerpt":{"rendered":"<p>Degaje Yaka Saten Abiye manken 165cm, 55kg, \u00e7ekimde 40 beden kullan\u0131lm\u0131\u015ft\u0131r. bir ya da iki beden b\u00fcy\u00fck al\u0131nmas\u0131 \u00f6nerilmektedir, kuma\u015f esnek de\u011fildir. i\u00e7i mini etekli degaje yaka \u00e7apraz s\u0131rt detay\u0131 g\u00f6\u011f\u00fcs gloplu<\/p>\n","protected":false},"featured_media":3498,"comment_status":"open","ping_status":"closed","template":"","meta":{"_kad_post_transparent":"default","_kad_post_title":"","_kad_post_layout":"default","_kad_post_sidebar_id":"","_kad_post_content_style":"default","_kad_post_vertical_padding":"default","_kad_post_feature":"","_kad_post_feature_position":"","_kad_post_header":false,"_kad_post_footer":false},"product_brand":[],"product_cat":[123,125,64,77,15],"product_tag":[],"class_list":{"0":"post-3448","1":"product","2":"type-product","3":"status-publish","4":"has-post-thumbnail","6":"product_cat-koleksiyonlar","7":"product_cat-mezuniyet-koleksiyonu","8":"product_cat-abiye","9":"product_cat-uzun-abiye","10":"product_cat-tum-urunler","11":"pa_beden-107","12":"pa_beden-108","13":"pa_beden-109","14":"pa_beden-110","15":"pa_beden-111","16":"pa_beden-112","18":"first","19":"instock","20":"shipping-taxable","21":"purchasable","22":"product-type-variable","23":"has-default-attributes","24":"entry","25":"content-bg","26":"loop-entry"},"jetpack_sharing_enabled":true,"_links":{"self":[{"href":"https:\/\/felisya.store\/index.php\/wp-json\/wp\/v2\/product\/3448","targetHints":{"allow":["GET"]}}],"collection":[{"href":"https:\/\/felisya.store\/index.php\/wp-json\/wp\/v2\/product"}],"about":[{"href":"https:\/\/felisya.store\/index.php\/wp-json\/wp\/v2\/types\/product"}],"replies":[{"embeddable":true,"href":"https:\/\/felisya.store\/index.php\/wp-json\/wp\/v2\/comments?post=3448"}],"wp:featuredmedia":[{"embeddable":true,"href":"https:\/\/felisya.store\/index.php\/wp-json\/wp\/v2\/media\/3498"}],"wp:attachment":[{"href":"https:\/\/felisya.store\/index.php\/wp-json\/wp\/v2\/media?parent=3448"}],"wp:term":[{"taxonomy":"product_brand","embeddable":true,"href":"https:\/\/felisya.store\/index.php\/wp-json\/wp\/v2\/product_brand?post=3448"},{"taxonomy":"product_cat","embeddable":true,"href":"https:\/\/felisya.store\/index.php\/wp-json\/wp\/v2\/product_cat?post=3448"},{"taxonomy":"product_tag","embeddable":true,"href":"https:\/\/felisya.store\/index.php\/wp-json\/wp\/v2\/product_tag?post=3448"}],"curies":[{"name":"wp","href":"https:\/\/api.w.org\/{rel}","templated":true}]}}