{"id":3418,"date":"2025-11-22T11:21:35","date_gmt":"2025-11-22T11:21:35","guid":{"rendered":"https:\/\/felisya.store\/?post_type=product&#038;p=3418"},"modified":"2025-12-18T10:25:50","modified_gmt":"2025-12-18T10:25:50","slug":"midnight-mini-elbise","status":"publish","type":"product","link":"https:\/\/felisya.store\/index.php\/urun\/midnight-mini-elbise\/","title":{"rendered":"Midnight Mini Elbise"},"content":{"rendered":"<p>Ta\u015fl\u0131 T\u00fcl Kuma\u015f \u0130spanyol Kol Mini Abiye<\/p>\n<ul>\n<li>manken 165cm, 55kg, \u00e7ekimde 38 beden kullan\u0131lm\u0131\u015ft\u0131r.<\/li>\n<li>s\u0131rt dekolte detay\u0131<\/li>\n<\/ul>\n<p>&nbsp;<\/p>\n","protected":false},"excerpt":{"rendered":"<p>Ta\u015fl\u0131 T\u00fcl Kuma\u015f \u0130spanyol Kol Mini Abiye manken 165cm, 55kg, \u00e7ekimde 38 beden kullan\u0131lm\u0131\u015ft\u0131r. s\u0131rt dekolte detay\u0131 &nbsp;<\/p>\n","protected":false},"featured_media":3420,"comment_status":"open","ping_status":"closed","template":"","meta":{"_kad_post_transparent":"default","_kad_post_title":"","_kad_post_layout":"default","_kad_post_sidebar_id":"","_kad_post_content_style":"default","_kad_post_vertical_padding":"default","_kad_post_feature":"","_kad_post_feature_position":"","_kad_post_header":false,"_kad_post_footer":false},"product_brand":[],"product_cat":[123,126,64,76,68,15],"product_tag":[],"class_list":{"0":"post-3418","1":"product","2":"type-product","3":"status-publish","4":"has-post-thumbnail","6":"product_cat-koleksiyonlar","7":"product_cat-parti-koleksiyonu","8":"product_cat-abiye","9":"product_cat-kisa-abiye","10":"product_cat-elbise","11":"product_cat-tum-urunler","12":"pa_beden-107","13":"pa_beden-108","15":"first","16":"instock","17":"shipping-taxable","18":"purchasable","19":"product-type-variable","20":"has-default-attributes","21":"entry","22":"content-bg","23":"loop-entry"},"jetpack_sharing_enabled":true,"_links":{"self":[{"href":"https:\/\/felisya.store\/index.php\/wp-json\/wp\/v2\/product\/3418","targetHints":{"allow":["GET"]}}],"collection":[{"href":"https:\/\/felisya.store\/index.php\/wp-json\/wp\/v2\/product"}],"about":[{"href":"https:\/\/felisya.store\/index.php\/wp-json\/wp\/v2\/types\/product"}],"replies":[{"embeddable":true,"href":"https:\/\/felisya.store\/index.php\/wp-json\/wp\/v2\/comments?post=3418"}],"wp:featuredmedia":[{"embeddable":true,"href":"https:\/\/felisya.store\/index.php\/wp-json\/wp\/v2\/media\/3420"}],"wp:attachment":[{"href":"https:\/\/felisya.store\/index.php\/wp-json\/wp\/v2\/media?parent=3418"}],"wp:term":[{"taxonomy":"product_brand","embeddable":true,"href":"https:\/\/felisya.store\/index.php\/wp-json\/wp\/v2\/product_brand?post=3418"},{"taxonomy":"product_cat","embeddable":true,"href":"https:\/\/felisya.store\/index.php\/wp-json\/wp\/v2\/product_cat?post=3418"},{"taxonomy":"product_tag","embeddable":true,"href":"https:\/\/felisya.store\/index.php\/wp-json\/wp\/v2\/product_tag?post=3418"}],"curies":[{"name":"wp","href":"https:\/\/api.w.org\/{rel}","templated":true}]}}