{"id":3200,"date":"2025-11-06T14:51:38","date_gmt":"2025-11-06T14:51:38","guid":{"rendered":"https:\/\/felisya.store\/?post_type=product&#038;p=3200"},"modified":"2026-04-18T16:00:49","modified_gmt":"2026-04-18T16:00:49","slug":"alina-kisa-abiye","status":"publish","type":"product","link":"https:\/\/felisya.store\/index.php\/urun\/alina-kisa-abiye\/","title":{"rendered":"Alina K\u0131sa Abiye"},"content":{"rendered":"<p>Saten 3 Kat F\u0131rf\u0131rl\u0131 K\u0131sa Abiye<\/p>\n<ul>\n<li>manken 165cm, 55kg, \u00e7ekimde 38 beden kullan\u0131lm\u0131\u015ft\u0131r.<\/li>\n<li>bir beden b\u00fcy\u00fck al\u0131nmas\u0131 \u00f6nerilmektedir, kuma\u015f esnek de\u011fildir.<\/li>\n<li>\u00fc\u00e7 kat etekli<\/li>\n<li>degaje yaka<\/li>\n<li>\u00e7apraz s\u0131rt detay\u0131<\/li>\n<li>g\u00f6\u011f\u00fcs gloplu<\/li>\n<\/ul>\n<p><img fetchpriority=\"high\" decoding=\"async\" class=\"alignnone size-medium wp-image-4925\" src=\"https:\/\/felisya.store\/wp-content\/uploads\/2026\/01\/9-1-300x300.jpg\" alt=\"\" width=\"300\" height=\"300\" srcset=\"https:\/\/felisya.store\/wp-content\/uploads\/2026\/01\/9-1-300x300.jpg 300w, https:\/\/felisya.store\/wp-content\/uploads\/2026\/01\/9-1-800x800.jpg 800w, https:\/\/felisya.store\/wp-content\/uploads\/2026\/01\/9-1-100x100.jpg 100w, https:\/\/felisya.store\/wp-content\/uploads\/2026\/01\/9-1-150x150.jpg 150w, https:\/\/felisya.store\/wp-content\/uploads\/2026\/01\/9-1-768x768.jpg 768w, https:\/\/felisya.store\/wp-content\/uploads\/2026\/01\/9-1-24x24.jpg 24w, https:\/\/felisya.store\/wp-content\/uploads\/2026\/01\/9-1-36x36.jpg 36w, https:\/\/felisya.store\/wp-content\/uploads\/2026\/01\/9-1-48x48.jpg 48w, https:\/\/felisya.store\/wp-content\/uploads\/2026\/01\/9-1-50x50.jpg 50w, https:\/\/felisya.store\/wp-content\/uploads\/2026\/01\/9-1.jpg 832w\" sizes=\"(max-width: 300px) 100vw, 300px\" \/> <img decoding=\"async\" class=\"alignnone size-medium wp-image-4926\" src=\"https:\/\/felisya.store\/wp-content\/uploads\/2026\/01\/10-1-300x300.jpg\" alt=\"\" width=\"300\" height=\"300\" srcset=\"https:\/\/felisya.store\/wp-content\/uploads\/2026\/01\/10-1-300x300.jpg 300w, https:\/\/felisya.store\/wp-content\/uploads\/2026\/01\/10-1-800x800.jpg 800w, https:\/\/felisya.store\/wp-content\/uploads\/2026\/01\/10-1-100x100.jpg 100w, https:\/\/felisya.store\/wp-content\/uploads\/2026\/01\/10-1-150x150.jpg 150w, https:\/\/felisya.store\/wp-content\/uploads\/2026\/01\/10-1-768x768.jpg 768w, https:\/\/felisya.store\/wp-content\/uploads\/2026\/01\/10-1-24x24.jpg 24w, https:\/\/felisya.store\/wp-content\/uploads\/2026\/01\/10-1-36x36.jpg 36w, https:\/\/felisya.store\/wp-content\/uploads\/2026\/01\/10-1-48x48.jpg 48w, https:\/\/felisya.store\/wp-content\/uploads\/2026\/01\/10-1-50x50.jpg 50w, https:\/\/felisya.store\/wp-content\/uploads\/2026\/01\/10-1.jpg 832w\" sizes=\"(max-width: 300px) 100vw, 300px\" \/> <img decoding=\"async\" class=\"alignnone size-medium wp-image-4927\" src=\"https:\/\/felisya.store\/wp-content\/uploads\/2026\/01\/11-1-300x300.jpg\" alt=\"\" width=\"300\" height=\"300\" srcset=\"https:\/\/felisya.store\/wp-content\/uploads\/2026\/01\/11-1-300x300.jpg 300w, https:\/\/felisya.store\/wp-content\/uploads\/2026\/01\/11-1-800x800.jpg 800w, https:\/\/felisya.store\/wp-content\/uploads\/2026\/01\/11-1-100x100.jpg 100w, https:\/\/felisya.store\/wp-content\/uploads\/2026\/01\/11-1-150x150.jpg 150w, https:\/\/felisya.store\/wp-content\/uploads\/2026\/01\/11-1-768x768.jpg 768w, https:\/\/felisya.store\/wp-content\/uploads\/2026\/01\/11-1-24x24.jpg 24w, https:\/\/felisya.store\/wp-content\/uploads\/2026\/01\/11-1-36x36.jpg 36w, https:\/\/felisya.store\/wp-content\/uploads\/2026\/01\/11-1-48x48.jpg 48w, https:\/\/felisya.store\/wp-content\/uploads\/2026\/01\/11-1-50x50.jpg 50w, https:\/\/felisya.store\/wp-content\/uploads\/2026\/01\/11-1.jpg 832w\" sizes=\"(max-width: 300px) 100vw, 300px\" \/> <img loading=\"lazy\" decoding=\"async\" class=\"alignnone size-medium wp-image-4928\" src=\"https:\/\/felisya.store\/wp-content\/uploads\/2026\/01\/12-1-300x300.jpg\" alt=\"\" width=\"300\" height=\"300\" srcset=\"https:\/\/felisya.store\/wp-content\/uploads\/2026\/01\/12-1-300x300.jpg 300w, https:\/\/felisya.store\/wp-content\/uploads\/2026\/01\/12-1-800x800.jpg 800w, https:\/\/felisya.store\/wp-content\/uploads\/2026\/01\/12-1-100x100.jpg 100w, https:\/\/felisya.store\/wp-content\/uploads\/2026\/01\/12-1-150x150.jpg 150w, https:\/\/felisya.store\/wp-content\/uploads\/2026\/01\/12-1-768x768.jpg 768w, https:\/\/felisya.store\/wp-content\/uploads\/2026\/01\/12-1-24x24.jpg 24w, https:\/\/felisya.store\/wp-content\/uploads\/2026\/01\/12-1-36x36.jpg 36w, https:\/\/felisya.store\/wp-content\/uploads\/2026\/01\/12-1-48x48.jpg 48w, https:\/\/felisya.store\/wp-content\/uploads\/2026\/01\/12-1-50x50.jpg 50w, https:\/\/felisya.store\/wp-content\/uploads\/2026\/01\/12-1.jpg 832w\" sizes=\"(max-width: 300px) 100vw, 300px\" \/> <img loading=\"lazy\" decoding=\"async\" class=\"alignnone size-medium wp-image-4929\" src=\"https:\/\/felisya.store\/wp-content\/uploads\/2026\/01\/13-1-300x300.jpg\" alt=\"\" width=\"300\" height=\"300\" srcset=\"https:\/\/felisya.store\/wp-content\/uploads\/2026\/01\/13-1-300x300.jpg 300w, https:\/\/felisya.store\/wp-content\/uploads\/2026\/01\/13-1-800x800.jpg 800w, https:\/\/felisya.store\/wp-content\/uploads\/2026\/01\/13-1-100x100.jpg 100w, https:\/\/felisya.store\/wp-content\/uploads\/2026\/01\/13-1-150x150.jpg 150w, https:\/\/felisya.store\/wp-content\/uploads\/2026\/01\/13-1-768x768.jpg 768w, https:\/\/felisya.store\/wp-content\/uploads\/2026\/01\/13-1-24x24.jpg 24w, https:\/\/felisya.store\/wp-content\/uploads\/2026\/01\/13-1-36x36.jpg 36w, https:\/\/felisya.store\/wp-content\/uploads\/2026\/01\/13-1-48x48.jpg 48w, https:\/\/felisya.store\/wp-content\/uploads\/2026\/01\/13-1-50x50.jpg 50w, https:\/\/felisya.store\/wp-content\/uploads\/2026\/01\/13-1.jpg 832w\" sizes=\"(max-width: 300px) 100vw, 300px\" \/><\/p>\n","protected":false},"excerpt":{"rendered":"<p>Saten 3 Kat F\u0131rf\u0131rl\u0131 K\u0131sa Abiye manken 165cm, 55kg, \u00e7ekimde 38 beden kullan\u0131lm\u0131\u015ft\u0131r. bir beden b\u00fcy\u00fck al\u0131nmas\u0131 \u00f6nerilmektedir, kuma\u015f esnek de\u011fildir. \u00fc\u00e7 kat etekli degaje yaka \u00e7apraz s\u0131rt detay\u0131 g\u00f6\u011f\u00fcs gloplu<\/p>\n","protected":false},"featured_media":3314,"comment_status":"open","ping_status":"closed","template":"","meta":{"_kad_post_transparent":"default","_kad_post_title":"","_kad_post_layout":"default","_kad_post_sidebar_id":"","_kad_post_content_style":"default","_kad_post_vertical_padding":"default","_kad_post_feature":"","_kad_post_feature_position":"","_kad_post_header":false,"_kad_post_footer":false},"product_brand":[],"product_cat":[123,125,64,76,15],"product_tag":[],"class_list":{"0":"post-3200","1":"product","2":"type-product","3":"status-publish","4":"has-post-thumbnail","6":"product_cat-koleksiyonlar","7":"product_cat-mezuniyet-koleksiyonu","8":"product_cat-abiye","9":"product_cat-kisa-abiye","10":"product_cat-tum-urunler","11":"pa_beden-106","12":"pa_beden-107","13":"pa_beden-108","14":"pa_beden-109","15":"pa_beden-110","17":"first","18":"instock","19":"shipping-taxable","20":"purchasable","21":"product-type-variable","22":"has-default-attributes","23":"entry","24":"content-bg","25":"loop-entry"},"jetpack_sharing_enabled":true,"_links":{"self":[{"href":"https:\/\/felisya.store\/index.php\/wp-json\/wp\/v2\/product\/3200","targetHints":{"allow":["GET"]}}],"collection":[{"href":"https:\/\/felisya.store\/index.php\/wp-json\/wp\/v2\/product"}],"about":[{"href":"https:\/\/felisya.store\/index.php\/wp-json\/wp\/v2\/types\/product"}],"replies":[{"embeddable":true,"href":"https:\/\/felisya.store\/index.php\/wp-json\/wp\/v2\/comments?post=3200"}],"wp:featuredmedia":[{"embeddable":true,"href":"https:\/\/felisya.store\/index.php\/wp-json\/wp\/v2\/media\/3314"}],"wp:attachment":[{"href":"https:\/\/felisya.store\/index.php\/wp-json\/wp\/v2\/media?parent=3200"}],"wp:term":[{"taxonomy":"product_brand","embeddable":true,"href":"https:\/\/felisya.store\/index.php\/wp-json\/wp\/v2\/product_brand?post=3200"},{"taxonomy":"product_cat","embeddable":true,"href":"https:\/\/felisya.store\/index.php\/wp-json\/wp\/v2\/product_cat?post=3200"},{"taxonomy":"product_tag","embeddable":true,"href":"https:\/\/felisya.store\/index.php\/wp-json\/wp\/v2\/product_tag?post=3200"}],"curies":[{"name":"wp","href":"https:\/\/api.w.org\/{rel}","templated":true}]}}