{"id":3107,"date":"2025-11-05T12:32:56","date_gmt":"2025-11-05T12:32:56","guid":{"rendered":"https:\/\/felisya.store\/?post_type=product&#038;p=3107"},"modified":"2026-04-10T19:01:53","modified_gmt":"2026-04-10T19:01:53","slug":"nara-kisa-abiye","status":"publish","type":"product","link":"https:\/\/felisya.store\/index.php\/urun\/nara-kisa-abiye\/","title":{"rendered":"Nara K\u0131sa Abiye"},"content":{"rendered":"<p>Parlak Kuma\u015f Straplez K\u0131sa Abiye<\/p>\n<ul>\n<li>manken 165cm, 55kg, \u00e7ekimde 36 beden kullan\u0131lm\u0131\u015ft\u0131r<\/li>\n<li>kal\u0131n organze parlak kuma\u015f<\/li>\n<li>\u00e7apraz s\u0131rt detay\u0131<\/li>\n<li>g\u00f6\u011f\u00fcs gloplu<\/li>\n<li>\u015feffaf ip ask\u0131lar mevcut<\/li>\n<\/ul>\n<p><img fetchpriority=\"high\" decoding=\"async\" class=\"alignnone size-medium wp-image-4930\" src=\"https:\/\/felisya.store\/wp-content\/uploads\/2026\/01\/14-1-300x300.jpg\" alt=\"\" width=\"300\" height=\"300\" srcset=\"https:\/\/felisya.store\/wp-content\/uploads\/2026\/01\/14-1-300x300.jpg 300w, https:\/\/felisya.store\/wp-content\/uploads\/2026\/01\/14-1-800x800.jpg 800w, https:\/\/felisya.store\/wp-content\/uploads\/2026\/01\/14-1-100x100.jpg 100w, https:\/\/felisya.store\/wp-content\/uploads\/2026\/01\/14-1-150x150.jpg 150w, https:\/\/felisya.store\/wp-content\/uploads\/2026\/01\/14-1-768x768.jpg 768w, https:\/\/felisya.store\/wp-content\/uploads\/2026\/01\/14-1-24x24.jpg 24w, https:\/\/felisya.store\/wp-content\/uploads\/2026\/01\/14-1-36x36.jpg 36w, https:\/\/felisya.store\/wp-content\/uploads\/2026\/01\/14-1-48x48.jpg 48w, https:\/\/felisya.store\/wp-content\/uploads\/2026\/01\/14-1-50x50.jpg 50w, https:\/\/felisya.store\/wp-content\/uploads\/2026\/01\/14-1.jpg 832w\" sizes=\"(max-width: 300px) 100vw, 300px\" \/> <img decoding=\"async\" class=\"alignnone size-medium wp-image-4931\" src=\"https:\/\/felisya.store\/wp-content\/uploads\/2026\/01\/15-1-300x300.jpg\" alt=\"\" width=\"300\" height=\"300\" srcset=\"https:\/\/felisya.store\/wp-content\/uploads\/2026\/01\/15-1-300x300.jpg 300w, https:\/\/felisya.store\/wp-content\/uploads\/2026\/01\/15-1-800x800.jpg 800w, https:\/\/felisya.store\/wp-content\/uploads\/2026\/01\/15-1-100x100.jpg 100w, https:\/\/felisya.store\/wp-content\/uploads\/2026\/01\/15-1-150x150.jpg 150w, https:\/\/felisya.store\/wp-content\/uploads\/2026\/01\/15-1-768x768.jpg 768w, https:\/\/felisya.store\/wp-content\/uploads\/2026\/01\/15-1-24x24.jpg 24w, https:\/\/felisya.store\/wp-content\/uploads\/2026\/01\/15-1-36x36.jpg 36w, https:\/\/felisya.store\/wp-content\/uploads\/2026\/01\/15-1-48x48.jpg 48w, https:\/\/felisya.store\/wp-content\/uploads\/2026\/01\/15-1-50x50.jpg 50w, https:\/\/felisya.store\/wp-content\/uploads\/2026\/01\/15-1.jpg 832w\" sizes=\"(max-width: 300px) 100vw, 300px\" \/> <img decoding=\"async\" class=\"alignnone size-medium wp-image-4932\" src=\"https:\/\/felisya.store\/wp-content\/uploads\/2026\/01\/16-1-300x300.jpg\" alt=\"\" width=\"300\" height=\"300\" srcset=\"https:\/\/felisya.store\/wp-content\/uploads\/2026\/01\/16-1-300x300.jpg 300w, https:\/\/felisya.store\/wp-content\/uploads\/2026\/01\/16-1-800x800.jpg 800w, https:\/\/felisya.store\/wp-content\/uploads\/2026\/01\/16-1-100x100.jpg 100w, https:\/\/felisya.store\/wp-content\/uploads\/2026\/01\/16-1-150x150.jpg 150w, https:\/\/felisya.store\/wp-content\/uploads\/2026\/01\/16-1-768x768.jpg 768w, https:\/\/felisya.store\/wp-content\/uploads\/2026\/01\/16-1-24x24.jpg 24w, https:\/\/felisya.store\/wp-content\/uploads\/2026\/01\/16-1-36x36.jpg 36w, https:\/\/felisya.store\/wp-content\/uploads\/2026\/01\/16-1-48x48.jpg 48w, https:\/\/felisya.store\/wp-content\/uploads\/2026\/01\/16-1-50x50.jpg 50w, https:\/\/felisya.store\/wp-content\/uploads\/2026\/01\/16-1.jpg 832w\" sizes=\"(max-width: 300px) 100vw, 300px\" \/> <img loading=\"lazy\" decoding=\"async\" class=\"alignnone size-medium wp-image-4933\" src=\"https:\/\/felisya.store\/wp-content\/uploads\/2026\/01\/17-1-300x300.jpg\" alt=\"\" width=\"300\" height=\"300\" srcset=\"https:\/\/felisya.store\/wp-content\/uploads\/2026\/01\/17-1-300x300.jpg 300w, https:\/\/felisya.store\/wp-content\/uploads\/2026\/01\/17-1-800x800.jpg 800w, https:\/\/felisya.store\/wp-content\/uploads\/2026\/01\/17-1-100x100.jpg 100w, https:\/\/felisya.store\/wp-content\/uploads\/2026\/01\/17-1-150x150.jpg 150w, https:\/\/felisya.store\/wp-content\/uploads\/2026\/01\/17-1-768x768.jpg 768w, https:\/\/felisya.store\/wp-content\/uploads\/2026\/01\/17-1-24x24.jpg 24w, https:\/\/felisya.store\/wp-content\/uploads\/2026\/01\/17-1-36x36.jpg 36w, https:\/\/felisya.store\/wp-content\/uploads\/2026\/01\/17-1-48x48.jpg 48w, https:\/\/felisya.store\/wp-content\/uploads\/2026\/01\/17-1-50x50.jpg 50w, https:\/\/felisya.store\/wp-content\/uploads\/2026\/01\/17-1.jpg 832w\" sizes=\"(max-width: 300px) 100vw, 300px\" \/><\/p>\n","protected":false},"excerpt":{"rendered":"<p>Parlak Kuma\u015f Straplez K\u0131sa Abiye manken 165cm, 55kg, \u00e7ekimde 36 beden kullan\u0131lm\u0131\u015ft\u0131r kal\u0131n organze parlak kuma\u015f \u00e7apraz s\u0131rt detay\u0131 g\u00f6\u011f\u00fcs gloplu \u015feffaf ip ask\u0131lar mevcut<\/p>\n","protected":false},"featured_media":5342,"comment_status":"open","ping_status":"closed","template":"","meta":{"_kad_post_transparent":"default","_kad_post_title":"","_kad_post_layout":"default","_kad_post_sidebar_id":"","_kad_post_content_style":"default","_kad_post_vertical_padding":"default","_kad_post_feature":"","_kad_post_feature_position":"","_kad_post_header":false,"_kad_post_footer":false},"product_brand":[],"product_cat":[123,125,64,76,15],"product_tag":[],"class_list":{"0":"post-3107","1":"product","2":"type-product","3":"status-publish","4":"has-post-thumbnail","6":"product_cat-koleksiyonlar","7":"product_cat-mezuniyet-koleksiyonu","8":"product_cat-abiye","9":"product_cat-kisa-abiye","10":"product_cat-tum-urunler","11":"pa_beden-107","12":"pa_beden-108","13":"pa_beden-109","14":"pa_beden-110","16":"first","17":"instock","18":"shipping-taxable","19":"purchasable","20":"product-type-variable","21":"has-default-attributes","22":"entry","23":"content-bg","24":"loop-entry"},"jetpack_sharing_enabled":true,"_links":{"self":[{"href":"https:\/\/felisya.store\/index.php\/wp-json\/wp\/v2\/product\/3107","targetHints":{"allow":["GET"]}}],"collection":[{"href":"https:\/\/felisya.store\/index.php\/wp-json\/wp\/v2\/product"}],"about":[{"href":"https:\/\/felisya.store\/index.php\/wp-json\/wp\/v2\/types\/product"}],"replies":[{"embeddable":true,"href":"https:\/\/felisya.store\/index.php\/wp-json\/wp\/v2\/comments?post=3107"}],"wp:featuredmedia":[{"embeddable":true,"href":"https:\/\/felisya.store\/index.php\/wp-json\/wp\/v2\/media\/5342"}],"wp:attachment":[{"href":"https:\/\/felisya.store\/index.php\/wp-json\/wp\/v2\/media?parent=3107"}],"wp:term":[{"taxonomy":"product_brand","embeddable":true,"href":"https:\/\/felisya.store\/index.php\/wp-json\/wp\/v2\/product_brand?post=3107"},{"taxonomy":"product_cat","embeddable":true,"href":"https:\/\/felisya.store\/index.php\/wp-json\/wp\/v2\/product_cat?post=3107"},{"taxonomy":"product_tag","embeddable":true,"href":"https:\/\/felisya.store\/index.php\/wp-json\/wp\/v2\/product_tag?post=3107"}],"curies":[{"name":"wp","href":"https:\/\/api.w.org\/{rel}","templated":true}]}}