{"id":3091,"date":"2025-11-05T12:06:35","date_gmt":"2025-11-05T12:06:35","guid":{"rendered":"https:\/\/felisya.store\/?post_type=product&#038;p=3091"},"modified":"2026-02-01T11:17:12","modified_gmt":"2026-02-01T11:17:12","slug":"princess-kisa-abiye","status":"publish","type":"product","link":"https:\/\/felisya.store\/index.php\/urun\/princess-kisa-abiye\/","title":{"rendered":"Princess K\u0131sa Abiye"},"content":{"rendered":"<p>Parlak Kuma\u015f Kol \u00dcst\u00fc Ku\u015fakl\u0131 K\u0131sa Abiye<\/p>\n<ul>\n<li>manken 165cm, 55kg, \u00e7ekimde 36 beden kullan\u0131lm\u0131\u015ft\u0131r<\/li>\n<li>kal\u0131n organze parlak kuma\u015f<\/li>\n<li>etek u\u00e7lar\u0131 grenli<\/li>\n<li>fermuarl\u0131 s\u0131rt detay\u0131<\/li>\n<li>g\u00f6\u011f\u00fcs gloplu<\/li>\n<\/ul>\n<p><img fetchpriority=\"high\" decoding=\"async\" class=\"alignnone size-medium wp-image-5035\" src=\"https:\/\/felisya.store\/wp-content\/uploads\/2025\/11\/8-300x300.png\" alt=\"\" width=\"300\" height=\"300\" srcset=\"https:\/\/felisya.store\/wp-content\/uploads\/2025\/11\/8-300x300.png 300w, https:\/\/felisya.store\/wp-content\/uploads\/2025\/11\/8-800x800.png 800w, https:\/\/felisya.store\/wp-content\/uploads\/2025\/11\/8-100x100.png 100w, https:\/\/felisya.store\/wp-content\/uploads\/2025\/11\/8-150x150.png 150w, https:\/\/felisya.store\/wp-content\/uploads\/2025\/11\/8-768x768.png 768w, https:\/\/felisya.store\/wp-content\/uploads\/2025\/11\/8-24x24.png 24w, https:\/\/felisya.store\/wp-content\/uploads\/2025\/11\/8-36x36.png 36w, https:\/\/felisya.store\/wp-content\/uploads\/2025\/11\/8-48x48.png 48w, https:\/\/felisya.store\/wp-content\/uploads\/2025\/11\/8-50x50.png 50w, https:\/\/felisya.store\/wp-content\/uploads\/2025\/11\/8.png 832w\" sizes=\"(max-width: 300px) 100vw, 300px\" \/> <img decoding=\"async\" class=\"alignnone size-medium wp-image-5036\" src=\"https:\/\/felisya.store\/wp-content\/uploads\/2025\/11\/9-1-300x300.png\" alt=\"\" width=\"300\" height=\"300\" srcset=\"https:\/\/felisya.store\/wp-content\/uploads\/2025\/11\/9-1-300x300.png 300w, https:\/\/felisya.store\/wp-content\/uploads\/2025\/11\/9-1-800x800.png 800w, https:\/\/felisya.store\/wp-content\/uploads\/2025\/11\/9-1-100x100.png 100w, https:\/\/felisya.store\/wp-content\/uploads\/2025\/11\/9-1-150x150.png 150w, https:\/\/felisya.store\/wp-content\/uploads\/2025\/11\/9-1-768x768.png 768w, https:\/\/felisya.store\/wp-content\/uploads\/2025\/11\/9-1-24x24.png 24w, https:\/\/felisya.store\/wp-content\/uploads\/2025\/11\/9-1-36x36.png 36w, https:\/\/felisya.store\/wp-content\/uploads\/2025\/11\/9-1-48x48.png 48w, https:\/\/felisya.store\/wp-content\/uploads\/2025\/11\/9-1-50x50.png 50w, https:\/\/felisya.store\/wp-content\/uploads\/2025\/11\/9-1.png 832w\" sizes=\"(max-width: 300px) 100vw, 300px\" \/> <img decoding=\"async\" class=\"alignnone size-medium wp-image-5037\" src=\"https:\/\/felisya.store\/wp-content\/uploads\/2025\/11\/10-1-300x300.png\" alt=\"\" width=\"300\" height=\"300\" srcset=\"https:\/\/felisya.store\/wp-content\/uploads\/2025\/11\/10-1-300x300.png 300w, https:\/\/felisya.store\/wp-content\/uploads\/2025\/11\/10-1-800x800.png 800w, https:\/\/felisya.store\/wp-content\/uploads\/2025\/11\/10-1-100x100.png 100w, https:\/\/felisya.store\/wp-content\/uploads\/2025\/11\/10-1-150x150.png 150w, https:\/\/felisya.store\/wp-content\/uploads\/2025\/11\/10-1-768x768.png 768w, https:\/\/felisya.store\/wp-content\/uploads\/2025\/11\/10-1-24x24.png 24w, https:\/\/felisya.store\/wp-content\/uploads\/2025\/11\/10-1-36x36.png 36w, https:\/\/felisya.store\/wp-content\/uploads\/2025\/11\/10-1-48x48.png 48w, https:\/\/felisya.store\/wp-content\/uploads\/2025\/11\/10-1-50x50.png 50w, https:\/\/felisya.store\/wp-content\/uploads\/2025\/11\/10-1.png 832w\" sizes=\"(max-width: 300px) 100vw, 300px\" \/> <img loading=\"lazy\" decoding=\"async\" class=\"alignnone size-medium wp-image-5038\" src=\"https:\/\/felisya.store\/wp-content\/uploads\/2025\/11\/11-1-300x300.png\" alt=\"\" width=\"300\" height=\"300\" srcset=\"https:\/\/felisya.store\/wp-content\/uploads\/2025\/11\/11-1-300x300.png 300w, https:\/\/felisya.store\/wp-content\/uploads\/2025\/11\/11-1-800x800.png 800w, https:\/\/felisya.store\/wp-content\/uploads\/2025\/11\/11-1-100x100.png 100w, https:\/\/felisya.store\/wp-content\/uploads\/2025\/11\/11-1-150x150.png 150w, https:\/\/felisya.store\/wp-content\/uploads\/2025\/11\/11-1-768x768.png 768w, https:\/\/felisya.store\/wp-content\/uploads\/2025\/11\/11-1-24x24.png 24w, https:\/\/felisya.store\/wp-content\/uploads\/2025\/11\/11-1-36x36.png 36w, https:\/\/felisya.store\/wp-content\/uploads\/2025\/11\/11-1-48x48.png 48w, https:\/\/felisya.store\/wp-content\/uploads\/2025\/11\/11-1-50x50.png 50w, https:\/\/felisya.store\/wp-content\/uploads\/2025\/11\/11-1.png 832w\" sizes=\"(max-width: 300px) 100vw, 300px\" \/><\/p>\n","protected":false},"excerpt":{"rendered":"<p>Parlak Kuma\u015f Kol \u00dcst\u00fc Ku\u015fakl\u0131 K\u0131sa Abiye manken 165cm, 55kg, \u00e7ekimde 36 beden kullan\u0131lm\u0131\u015ft\u0131r kal\u0131n organze parlak kuma\u015f etek u\u00e7lar\u0131 grenli fermuarl\u0131 s\u0131rt detay\u0131 g\u00f6\u011f\u00fcs gloplu<\/p>\n","protected":false},"featured_media":3100,"comment_status":"open","ping_status":"closed","template":"","meta":{"_kad_post_transparent":"default","_kad_post_title":"","_kad_post_layout":"default","_kad_post_sidebar_id":"","_kad_post_content_style":"default","_kad_post_vertical_padding":"default","_kad_post_feature":"","_kad_post_feature_position":"","_kad_post_header":false,"_kad_post_footer":false},"product_brand":[],"product_cat":[123,125,64,76],"product_tag":[],"class_list":{"0":"post-3091","1":"product","2":"type-product","3":"status-publish","4":"has-post-thumbnail","6":"product_cat-koleksiyonlar","7":"product_cat-mezuniyet-koleksiyonu","8":"product_cat-abiye","9":"product_cat-kisa-abiye","10":"pa_beden-107","11":"pa_beden-108","12":"pa_beden-109","13":"pa_beden-110","15":"first","16":"instock","17":"shipping-taxable","18":"purchasable","19":"product-type-variable","20":"has-default-attributes","21":"entry","22":"content-bg","23":"loop-entry"},"jetpack_sharing_enabled":true,"_links":{"self":[{"href":"https:\/\/felisya.store\/index.php\/wp-json\/wp\/v2\/product\/3091","targetHints":{"allow":["GET"]}}],"collection":[{"href":"https:\/\/felisya.store\/index.php\/wp-json\/wp\/v2\/product"}],"about":[{"href":"https:\/\/felisya.store\/index.php\/wp-json\/wp\/v2\/types\/product"}],"replies":[{"embeddable":true,"href":"https:\/\/felisya.store\/index.php\/wp-json\/wp\/v2\/comments?post=3091"}],"wp:featuredmedia":[{"embeddable":true,"href":"https:\/\/felisya.store\/index.php\/wp-json\/wp\/v2\/media\/3100"}],"wp:attachment":[{"href":"https:\/\/felisya.store\/index.php\/wp-json\/wp\/v2\/media?parent=3091"}],"wp:term":[{"taxonomy":"product_brand","embeddable":true,"href":"https:\/\/felisya.store\/index.php\/wp-json\/wp\/v2\/product_brand?post=3091"},{"taxonomy":"product_cat","embeddable":true,"href":"https:\/\/felisya.store\/index.php\/wp-json\/wp\/v2\/product_cat?post=3091"},{"taxonomy":"product_tag","embeddable":true,"href":"https:\/\/felisya.store\/index.php\/wp-json\/wp\/v2\/product_tag?post=3091"}],"curies":[{"name":"wp","href":"https:\/\/api.w.org\/{rel}","templated":true}]}}