{"id":2319,"date":"2025-10-22T13:02:49","date_gmt":"2025-10-22T13:02:49","guid":{"rendered":"https:\/\/felisya.store\/?post_type=product&#038;p=2319"},"modified":"2026-02-02T13:22:32","modified_gmt":"2026-02-02T13:22:32","slug":"skyline-kisa-abiye","status":"publish","type":"product","link":"https:\/\/felisya.store\/index.php\/urun\/skyline-kisa-abiye\/","title":{"rendered":"Skyline K\u0131sa Abiye"},"content":{"rendered":"<p>Parlak Kuma\u015f Korsajl\u0131 K\u0131sa Abiye<\/p>\n<ul>\n<li>manken 165cm, 55kg, \u00e7ekimde 36 beden kullan\u0131lm\u0131\u015ft\u0131r<\/li>\n<li>kal\u0131n organze parlak kuma\u015f<\/li>\n<li>etek u\u00e7lar\u0131 grenli<\/li>\n<li>fermuarl\u0131 s\u0131rt detay\u0131<\/li>\n<li>g\u00f6\u011f\u00fcs gloplu ve v\u00fccut korsajl\u0131<\/li>\n<\/ul>\n<p><img decoding=\"async\" class=\"alignnone size-medium wp-image-5063\" src=\"https:\/\/felisya.store\/wp-content\/uploads\/2025\/10\/65cm-2-300x153.png\" alt=\"\" width=\"300\" height=\"153\" srcset=\"https:\/\/felisya.store\/wp-content\/uploads\/2025\/10\/65cm-2-300x153.png 300w, https:\/\/felisya.store\/wp-content\/uploads\/2025\/10\/65cm-2-24x12.png 24w, https:\/\/felisya.store\/wp-content\/uploads\/2025\/10\/65cm-2-36x18.png 36w, https:\/\/felisya.store\/wp-content\/uploads\/2025\/10\/65cm-2-48x24.png 48w, https:\/\/felisya.store\/wp-content\/uploads\/2025\/10\/65cm-2.png 712w\" sizes=\"(max-width: 300px) 100vw, 300px\" \/><\/p>\n","protected":false},"excerpt":{"rendered":"<p>Parlak Kuma\u015f Korsajl\u0131 K\u0131sa Abiye manken 165cm, 55kg, \u00e7ekimde 36 beden kullan\u0131lm\u0131\u015ft\u0131r kal\u0131n organze parlak kuma\u015f etek u\u00e7lar\u0131 grenli fermuarl\u0131 s\u0131rt detay\u0131 g\u00f6\u011f\u00fcs gloplu ve v\u00fccut korsajl\u0131<\/p>\n","protected":false},"featured_media":2322,"comment_status":"open","ping_status":"closed","template":"","meta":{"_kad_post_transparent":"default","_kad_post_title":"","_kad_post_layout":"default","_kad_post_sidebar_id":"","_kad_post_content_style":"default","_kad_post_vertical_padding":"default","_kad_post_feature":"","_kad_post_feature_position":"","_kad_post_header":false,"_kad_post_footer":false},"product_brand":[],"product_cat":[123,125,64,76,15],"product_tag":[],"class_list":{"0":"post-2319","1":"product","2":"type-product","3":"status-publish","4":"has-post-thumbnail","6":"product_cat-koleksiyonlar","7":"product_cat-mezuniyet-koleksiyonu","8":"product_cat-abiye","9":"product_cat-kisa-abiye","10":"product_cat-tum-urunler","11":"pa_beden-107","12":"pa_beden-108","13":"pa_beden-109","15":"first","16":"instock","17":"shipping-taxable","18":"purchasable","19":"product-type-variable","20":"has-default-attributes","21":"entry","22":"content-bg","23":"loop-entry"},"jetpack_sharing_enabled":true,"_links":{"self":[{"href":"https:\/\/felisya.store\/index.php\/wp-json\/wp\/v2\/product\/2319","targetHints":{"allow":["GET"]}}],"collection":[{"href":"https:\/\/felisya.store\/index.php\/wp-json\/wp\/v2\/product"}],"about":[{"href":"https:\/\/felisya.store\/index.php\/wp-json\/wp\/v2\/types\/product"}],"replies":[{"embeddable":true,"href":"https:\/\/felisya.store\/index.php\/wp-json\/wp\/v2\/comments?post=2319"}],"wp:featuredmedia":[{"embeddable":true,"href":"https:\/\/felisya.store\/index.php\/wp-json\/wp\/v2\/media\/2322"}],"wp:attachment":[{"href":"https:\/\/felisya.store\/index.php\/wp-json\/wp\/v2\/media?parent=2319"}],"wp:term":[{"taxonomy":"product_brand","embeddable":true,"href":"https:\/\/felisya.store\/index.php\/wp-json\/wp\/v2\/product_brand?post=2319"},{"taxonomy":"product_cat","embeddable":true,"href":"https:\/\/felisya.store\/index.php\/wp-json\/wp\/v2\/product_cat?post=2319"},{"taxonomy":"product_tag","embeddable":true,"href":"https:\/\/felisya.store\/index.php\/wp-json\/wp\/v2\/product_tag?post=2319"}],"curies":[{"name":"wp","href":"https:\/\/api.w.org\/{rel}","templated":true}]}}