{"id":1830,"date":"2025-10-21T06:42:56","date_gmt":"2025-10-21T06:42:56","guid":{"rendered":"https:\/\/felisya.store\/?post_type=product&#038;p=1830"},"modified":"2026-04-18T12:12:18","modified_gmt":"2026-04-18T12:12:18","slug":"flora-kisa-abiye","status":"publish","type":"product","link":"https:\/\/felisya.store\/index.php\/urun\/flora-kisa-abiye\/","title":{"rendered":"Flora K\u0131sa Abiye"},"content":{"rendered":"<p>Esnek Kuma\u015f 3 Kat F\u0131rf\u0131rl\u0131 K\u0131sa Abiye<\/p>\n<ul>\n<li>manken 165cm, 55kg, \u00e7ekimde 36 beden kullan\u0131lm\u0131\u015ft\u0131r<\/li>\n<li>esnek kuma\u015f<\/li>\n<li>\u00fc\u00e7 kat etekli<\/li>\n<li>degaje yaka<\/li>\n<li>\u00e7apraz s\u0131rt detay\u0131<\/li>\n<li>g\u00f6\u011f\u00fcs gloplu<\/li>\n<\/ul>\n<p><img fetchpriority=\"high\" decoding=\"async\" class=\"alignnone size-medium wp-image-4942\" src=\"https:\/\/felisya.store\/wp-content\/uploads\/2026\/01\/26-1-300x300.jpg\" alt=\"\" width=\"300\" height=\"300\" srcset=\"https:\/\/felisya.store\/wp-content\/uploads\/2026\/01\/26-1-300x300.jpg 300w, https:\/\/felisya.store\/wp-content\/uploads\/2026\/01\/26-1-800x800.jpg 800w, https:\/\/felisya.store\/wp-content\/uploads\/2026\/01\/26-1-100x100.jpg 100w, https:\/\/felisya.store\/wp-content\/uploads\/2026\/01\/26-1-150x150.jpg 150w, https:\/\/felisya.store\/wp-content\/uploads\/2026\/01\/26-1-768x768.jpg 768w, https:\/\/felisya.store\/wp-content\/uploads\/2026\/01\/26-1-24x24.jpg 24w, https:\/\/felisya.store\/wp-content\/uploads\/2026\/01\/26-1-36x36.jpg 36w, https:\/\/felisya.store\/wp-content\/uploads\/2026\/01\/26-1-48x48.jpg 48w, https:\/\/felisya.store\/wp-content\/uploads\/2026\/01\/26-1-50x50.jpg 50w, https:\/\/felisya.store\/wp-content\/uploads\/2026\/01\/26-1.jpg 832w\" sizes=\"(max-width: 300px) 100vw, 300px\" \/> <img decoding=\"async\" class=\"alignnone size-medium wp-image-4943\" src=\"https:\/\/felisya.store\/wp-content\/uploads\/2026\/01\/27-1-300x300.jpg\" alt=\"\" width=\"300\" height=\"300\" srcset=\"https:\/\/felisya.store\/wp-content\/uploads\/2026\/01\/27-1-300x300.jpg 300w, https:\/\/felisya.store\/wp-content\/uploads\/2026\/01\/27-1-800x800.jpg 800w, https:\/\/felisya.store\/wp-content\/uploads\/2026\/01\/27-1-100x100.jpg 100w, https:\/\/felisya.store\/wp-content\/uploads\/2026\/01\/27-1-150x150.jpg 150w, https:\/\/felisya.store\/wp-content\/uploads\/2026\/01\/27-1-768x768.jpg 768w, https:\/\/felisya.store\/wp-content\/uploads\/2026\/01\/27-1-24x24.jpg 24w, https:\/\/felisya.store\/wp-content\/uploads\/2026\/01\/27-1-36x36.jpg 36w, https:\/\/felisya.store\/wp-content\/uploads\/2026\/01\/27-1-48x48.jpg 48w, https:\/\/felisya.store\/wp-content\/uploads\/2026\/01\/27-1-50x50.jpg 50w, https:\/\/felisya.store\/wp-content\/uploads\/2026\/01\/27-1.jpg 832w\" sizes=\"(max-width: 300px) 100vw, 300px\" \/> <img decoding=\"async\" class=\"alignnone size-medium wp-image-4944\" src=\"https:\/\/felisya.store\/wp-content\/uploads\/2026\/01\/28-1-300x300.jpg\" alt=\"\" width=\"300\" height=\"300\" srcset=\"https:\/\/felisya.store\/wp-content\/uploads\/2026\/01\/28-1-300x300.jpg 300w, https:\/\/felisya.store\/wp-content\/uploads\/2026\/01\/28-1-800x800.jpg 800w, https:\/\/felisya.store\/wp-content\/uploads\/2026\/01\/28-1-100x100.jpg 100w, https:\/\/felisya.store\/wp-content\/uploads\/2026\/01\/28-1-150x150.jpg 150w, https:\/\/felisya.store\/wp-content\/uploads\/2026\/01\/28-1-768x768.jpg 768w, https:\/\/felisya.store\/wp-content\/uploads\/2026\/01\/28-1-24x24.jpg 24w, https:\/\/felisya.store\/wp-content\/uploads\/2026\/01\/28-1-36x36.jpg 36w, https:\/\/felisya.store\/wp-content\/uploads\/2026\/01\/28-1-48x48.jpg 48w, https:\/\/felisya.store\/wp-content\/uploads\/2026\/01\/28-1-50x50.jpg 50w, https:\/\/felisya.store\/wp-content\/uploads\/2026\/01\/28-1.jpg 832w\" sizes=\"(max-width: 300px) 100vw, 300px\" \/><\/p>\n","protected":false},"excerpt":{"rendered":"<p>Esnek Kuma\u015f 3 Kat F\u0131rf\u0131rl\u0131 K\u0131sa Abiye manken 165cm, 55kg, \u00e7ekimde 36 beden kullan\u0131lm\u0131\u015ft\u0131r esnek kuma\u015f \u00fc\u00e7 kat etekli degaje yaka \u00e7apraz s\u0131rt detay\u0131 g\u00f6\u011f\u00fcs gloplu<\/p>\n","protected":false},"featured_media":2135,"comment_status":"open","ping_status":"closed","template":"","meta":{"_kad_post_transparent":"default","_kad_post_title":"","_kad_post_layout":"default","_kad_post_sidebar_id":"","_kad_post_content_style":"default","_kad_post_vertical_padding":"default","_kad_post_feature":"","_kad_post_feature_position":"","_kad_post_header":false,"_kad_post_footer":false},"product_brand":[],"product_cat":[123,125,64,76,15],"product_tag":[],"class_list":{"0":"post-1830","1":"product","2":"type-product","3":"status-publish","4":"has-post-thumbnail","6":"product_cat-koleksiyonlar","7":"product_cat-mezuniyet-koleksiyonu","8":"product_cat-abiye","9":"product_cat-kisa-abiye","10":"product_cat-tum-urunler","11":"pa_beden-107","12":"pa_beden-108","13":"pa_beden-109","15":"first","16":"instock","17":"shipping-taxable","18":"purchasable","19":"product-type-variable","20":"has-default-attributes","21":"entry","22":"content-bg","23":"loop-entry"},"jetpack_sharing_enabled":true,"_links":{"self":[{"href":"https:\/\/felisya.store\/index.php\/wp-json\/wp\/v2\/product\/1830","targetHints":{"allow":["GET"]}}],"collection":[{"href":"https:\/\/felisya.store\/index.php\/wp-json\/wp\/v2\/product"}],"about":[{"href":"https:\/\/felisya.store\/index.php\/wp-json\/wp\/v2\/types\/product"}],"replies":[{"embeddable":true,"href":"https:\/\/felisya.store\/index.php\/wp-json\/wp\/v2\/comments?post=1830"}],"wp:featuredmedia":[{"embeddable":true,"href":"https:\/\/felisya.store\/index.php\/wp-json\/wp\/v2\/media\/2135"}],"wp:attachment":[{"href":"https:\/\/felisya.store\/index.php\/wp-json\/wp\/v2\/media?parent=1830"}],"wp:term":[{"taxonomy":"product_brand","embeddable":true,"href":"https:\/\/felisya.store\/index.php\/wp-json\/wp\/v2\/product_brand?post=1830"},{"taxonomy":"product_cat","embeddable":true,"href":"https:\/\/felisya.store\/index.php\/wp-json\/wp\/v2\/product_cat?post=1830"},{"taxonomy":"product_tag","embeddable":true,"href":"https:\/\/felisya.store\/index.php\/wp-json\/wp\/v2\/product_tag?post=1830"}],"curies":[{"name":"wp","href":"https:\/\/api.w.org\/{rel}","templated":true}]}}